{"id":66,"date":"2025-08-20T17:19:13","date_gmt":"2025-08-20T15:19:13","guid":{"rendered":"https:\/\/frj.com.pl\/?page_id=66"},"modified":"2026-03-01T21:39:16","modified_gmt":"2026-03-01T20:39:16","slug":"wydarzenie-czyli-co-to-takiego","status":"publish","type":"page","link":"https:\/\/frj.com.pl\/?page_id=66","title":{"rendered":"WYDARZENIE, CZYLI CO TO TAKIEGO"},"content":{"rendered":"\n<p>\u201eProszenie konia, aby co\u015b zrobi\u0142, nie jest a\u017c tak sprytne, jak spowodowanie, aby on sam tego chcia\u0142\u201d Monty Roberts<\/p>\n\n\n\n<p>Zajmuj\u0105c si\u0119 sportem je\u017adzieckim, chcemy odnosi\u0107 sukcesy. Trenuj\u0105c&nbsp; konie, chcemy aby spe\u0142nia\u0142y nasze oczekiwania. Wszystko to zadzia\u0142a dopiero wtedy, gdy uda nam si\u0119 porozumie\u0107 z koniem. Kiedy umiej\u0119tnie przestaniemy mu przeszkadza\u0107, a list\u0119 \u017c\u0105da\u0144 i oczekiwa\u0144 zast\u0105pimy rozmow\u0105.&nbsp;<\/p>\n\n\n\n<p>Wtedy pojawi si\u0119 w naszych wsp\u00f3lnych relacjach co\u015b, co oka\u017ce si\u0119 godne po\u015bwi\u0119cenia, godne zaufania, godne przyja\u017ani.<\/p>\n\n\n\n<p><strong>\u201e<\/strong>Rozmawiaj\u0105c z koniem\u201d to wydarzenie, kt\u00f3re przyci\u0105ga je\u017ad\u017ac\u00f3w, trener\u00f3w, lekarzy weterynarii i pasjonat\u00f3w koni. Jest to jedyna w Polsce impreza edukacyjna na tak du\u017c\u0105 skal\u0119, kt\u00f3ra w szeroki i zintegrowany spos\u00f3b \u0142\u0105czy ze sob\u0105 r\u00f3\u017cne dyscypliny je\u017adzieckie. Wyj\u0105tkowo\u015b\u0107 wydarzenia gwarantuje wsp\u00f3lna cecha organizator\u00f3w oraz zapraszanych go\u015bci \u2013 szacunek do koni.<\/p>\n\n\n\n<p>\u201eRozmawiaj\u0105c z koniem\u201d ma na celu pog\u0142\u0119bienie relacji mi\u0119dzy lud\u017ami a ko\u0144mi, kt\u00f3re osi\u0105gn\u0105\u0107 mo\u017cna poprzez rozwijanie unikalnych metod komunikacji oraz wzajemnego zrozumienia. Odbywaj\u0105ce si\u0119 w ramach wydarzenia warsztaty szkoleniowe, spotkania eksperckie oraz pokazy pozwalaj\u0105 na promowanie wiedzy oraz unikalnych technik pracy z koniem. Powstaje mo\u017cliwo\u015b\u0107 wymiany cennych do\u015bwiadcze\u0144 behawioryst\u00f3w zwierz\u0119cych, trener\u00f3w jazdy konnej, specjalist\u00f3w komunikacji niewerbalnej, naukowc\u00f3w i mi\u0142o\u015bnik\u00f3w koni &#8211; na r\u00f3\u017cnych poziomach i w wielu wymiarach.<\/p>\n\n\n\n<div class=\"wp-block-media-text is-stacked-on-mobile\" style=\"grid-template-columns:37% auto\"><figure class=\"wp-block-media-text__media\"><img fetchpriority=\"high\" decoding=\"async\" width=\"1024\" height=\"729\" src=\"https:\/\/frj.com.pl\/wp-content\/uploads\/2026\/03\/RzK2026-1024x729.jpg\" alt=\"\" class=\"wp-image-369 size-full\" srcset=\"https:\/\/frj.com.pl\/wp-content\/uploads\/2026\/03\/RzK2026-1024x729.jpg 1024w, https:\/\/frj.com.pl\/wp-content\/uploads\/2026\/03\/RzK2026-300x213.jpg 300w, https:\/\/frj.com.pl\/wp-content\/uploads\/2026\/03\/RzK2026-768x546.jpg 768w, https:\/\/frj.com.pl\/wp-content\/uploads\/2026\/03\/RzK2026-1536x1093.jpg 1536w, https:\/\/frj.com.pl\/wp-content\/uploads\/2026\/03\/RzK2026.jpg 2048w\" sizes=\"(max-width: 1024px) 100vw, 1024px\" \/><\/figure><div class=\"wp-block-media-text__content\">\n<p><strong>Kliniki Mistrz\u00f3w \u2013 Rozmawiaj\u0105c z koniem 2<\/strong><strong>6<\/strong><strong>-2<\/strong><strong>8<\/strong><strong>.06.202<\/strong><strong>6<\/strong><strong>r.<\/strong><\/p>\n\n\n\n<p>Zapraszamy wszystkich, kt\u00f3rzy chc\u0105 pozna\u0107 tajniki komunikacji porozumienia na linii Cz\u0142owiek \u2013 Ko\u0144.<\/p>\n\n\n\n<p>W tym roku naszym go\u015bciem specjalnym b\u0119dzie <strong>Jec A. Ballou<\/strong><\/p>\n<\/div><\/div>\n\n\n\n<div class=\"wp-block-media-text is-stacked-on-mobile\" style=\"grid-template-columns:37% auto\"><figure class=\"wp-block-media-text__media\"><img decoding=\"async\" width=\"1024\" height=\"767\" src=\"https:\/\/frj.com.pl\/wp-content\/uploads\/2026\/03\/tmpndv8h5v2-1024x767.webp\" alt=\"\" class=\"wp-image-370 size-full\" srcset=\"https:\/\/frj.com.pl\/wp-content\/uploads\/2026\/03\/tmpndv8h5v2-1024x767.webp 1024w, https:\/\/frj.com.pl\/wp-content\/uploads\/2026\/03\/tmpndv8h5v2-300x225.webp 300w, https:\/\/frj.com.pl\/wp-content\/uploads\/2026\/03\/tmpndv8h5v2-768x575.webp 768w, https:\/\/frj.com.pl\/wp-content\/uploads\/2026\/03\/tmpndv8h5v2.webp 1200w\" sizes=\"(max-width: 1024px) 100vw, 1024px\" \/><\/figure><div class=\"wp-block-media-text__content\">\n<p><strong>Jec A. Ballou<\/strong> jest do\u015bwiadczon\u0105 amazonk\u0105, autork\u0105 pi\u0119ciu uznanych ksi\u0105\u017cek na temat trenowania koni oraz wsp\u00f3\u0142pracowniczk\u0105 czasopism, targ\u00f3w i kongres\u00f3w w ca\u0142ej Ameryce P\u00f3\u0142nocnej.\u00a0<\/p>\n\n\n\n<p>W swoim domu w Kalifornii tworzy indywidualne plany treningowe dla koni na ca\u0142ym \u015bwiecie i podr\u00f3\u017cuje, aby prowadzi\u0107 kliniki dla je\u017ad\u017ac\u00f3w wszystkich dyscyplin. Sama jest r\u00f3wnie\u017c sportowcem, ostatnio bra\u0142a udzia\u0142 w 7-dniowym biegu g\u00f3rskim Trans Alpine.<\/p>\n\n\n\n<p>Wychowa\u0142a si\u0119 w\u00a0rodzinie trenerskiej. Zajmowa\u0142a si\u0119 szkoleniem uje\u017cd\u017ceniowym koni r\u00f3\u017cnych ras, a\u00a0tak\u017ce szkoleniem je\u017ad\u017ac\u00f3w na r\u00f3\u017cnym poziomie. Specjalizowa\u0142a si\u0119 w\u00a0klasycznej hodowli koni, studiuj\u0105c w\u00a0Europie. Jest zarejestrowan\u0105 w\u00a0FEI zawodniczk\u0105 w\u00a0uje\u017cd\u017ceniu i\u00a0ma na swoim koncie tytu\u0142y i\u00a0zwyci\u0119stwa w\u00a0r\u00f3\u017cnych konkurencjach je\u017adzieckich.<\/p>\n\n\n\n<p>Wi\u0119cej informacji mo\u017cna znale\u017a\u0107 na stronie <a href=\"https:\/\/jecballou.com\/\">https:\/\/jecballou.com\/<\/a><\/p>\n\n\n\n<p><\/p>\n<\/div><\/div>\n\n\n\n<p><\/p>\n","protected":false},"excerpt":{"rendered":"<p>\u201eProszenie konia, aby co\u015b zrobi\u0142, nie jest a\u017c tak sprytne, jak spowodowanie, aby on sam tego chcia\u0142\u201d Monty Roberts Zajmuj\u0105c si\u0119 sportem je\u017adzieckim, chcemy odnosi\u0107 sukcesy. Trenuj\u0105c&nbsp; konie, chcemy aby spe\u0142nia\u0142y nasze oczekiwania. Wszystko to zadzia\u0142a dopiero wtedy, gdy uda nam si\u0119 porozumie\u0107 z koniem. Kiedy umiej\u0119tnie przestaniemy mu przeszkadza\u0107, a list\u0119 \u017c\u0105da\u0144 i oczekiwa\u0144 [&hellip;]<\/p>\n","protected":false},"author":1,"featured_media":0,"parent":0,"menu_order":0,"comment_status":"closed","ping_status":"closed","template":"","meta":{"footnotes":""},"class_list":["post-66","page","type-page","status-publish","hentry"],"blocksy_meta":[],"yoast_head":"<!-- This site is optimized with the Yoast SEO plugin v26.9 - https:\/\/yoast.com\/product\/yoast-seo-wordpress\/ -->\n<title>WYDARZENIE, CZYLI CO TO TAKIEGO - Fundacja Rozwoju Je\u017adziectwa<\/title>\n<meta name=\"robots\" content=\"index, follow, max-snippet:-1, max-image-preview:large, max-video-preview:-1\" \/>\n<link rel=\"canonical\" href=\"https:\/\/frj.com.pl\/?page_id=66\" \/>\n<meta property=\"og:locale\" content=\"en_US\" \/>\n<meta property=\"og:type\" content=\"article\" \/>\n<meta property=\"og:title\" content=\"WYDARZENIE, CZYLI CO TO TAKIEGO - Fundacja Rozwoju Je\u017adziectwa\" \/>\n<meta property=\"og:description\" content=\"\u201eProszenie konia, aby co\u015b zrobi\u0142, nie jest a\u017c tak sprytne, jak spowodowanie, aby on sam tego chcia\u0142\u201d Monty Roberts Zajmuj\u0105c si\u0119 sportem je\u017adzieckim, chcemy odnosi\u0107 sukcesy. Trenuj\u0105c&nbsp; konie, chcemy aby spe\u0142nia\u0142y nasze oczekiwania. Wszystko to zadzia\u0142a dopiero wtedy, gdy uda nam si\u0119 porozumie\u0107 z koniem. Kiedy umiej\u0119tnie przestaniemy mu przeszkadza\u0107, a list\u0119 \u017c\u0105da\u0144 i oczekiwa\u0144 [&hellip;]\" \/>\n<meta property=\"og:url\" content=\"https:\/\/frj.com.pl\/?page_id=66\" \/>\n<meta property=\"og:site_name\" content=\"Fundacja Rozwoju Je\u017adziectwa\" \/>\n<meta property=\"article:modified_time\" content=\"2026-03-01T20:39:16+00:00\" \/>\n<meta property=\"og:image\" content=\"https:\/\/frj.com.pl\/wp-content\/uploads\/2026\/03\/RzK2026.jpg\" \/>\n\t<meta property=\"og:image:width\" content=\"2048\" \/>\n\t<meta property=\"og:image:height\" content=\"1457\" \/>\n\t<meta property=\"og:image:type\" content=\"image\/jpeg\" \/>\n<meta name=\"twitter:card\" content=\"summary_large_image\" \/>\n<meta name=\"twitter:label1\" content=\"Est. reading time\" \/>\n\t<meta name=\"twitter:data1\" content=\"3 minutes\" \/>\n<script type=\"application\/ld+json\" class=\"yoast-schema-graph\">{\"@context\":\"https:\/\/schema.org\",\"@graph\":[{\"@type\":\"WebPage\",\"@id\":\"https:\/\/frj.com.pl\/?page_id=66\",\"url\":\"https:\/\/frj.com.pl\/?page_id=66\",\"name\":\"WYDARZENIE, CZYLI CO TO TAKIEGO - Fundacja Rozwoju Je\u017adziectwa\",\"isPartOf\":{\"@id\":\"https:\/\/frj.com.pl\/#website\"},\"primaryImageOfPage\":{\"@id\":\"https:\/\/frj.com.pl\/?page_id=66#primaryimage\"},\"image\":{\"@id\":\"https:\/\/frj.com.pl\/?page_id=66#primaryimage\"},\"thumbnailUrl\":\"https:\/\/frj.com.pl\/wp-content\/uploads\/2026\/03\/RzK2026-1024x729.jpg\",\"datePublished\":\"2025-08-20T15:19:13+00:00\",\"dateModified\":\"2026-03-01T20:39:16+00:00\",\"breadcrumb\":{\"@id\":\"https:\/\/frj.com.pl\/?page_id=66#breadcrumb\"},\"inLanguage\":\"en-US\",\"potentialAction\":[{\"@type\":\"ReadAction\",\"target\":[\"https:\/\/frj.com.pl\/?page_id=66\"]}]},{\"@type\":\"ImageObject\",\"inLanguage\":\"en-US\",\"@id\":\"https:\/\/frj.com.pl\/?page_id=66#primaryimage\",\"url\":\"https:\/\/frj.com.pl\/wp-content\/uploads\/2026\/03\/RzK2026.jpg\",\"contentUrl\":\"https:\/\/frj.com.pl\/wp-content\/uploads\/2026\/03\/RzK2026.jpg\",\"width\":2048,\"height\":1457},{\"@type\":\"BreadcrumbList\",\"@id\":\"https:\/\/frj.com.pl\/?page_id=66#breadcrumb\",\"itemListElement\":[{\"@type\":\"ListItem\",\"position\":1,\"name\":\"Strona g\u0142\u00f3wna\",\"item\":\"https:\/\/frj.com.pl\/\"},{\"@type\":\"ListItem\",\"position\":2,\"name\":\"WYDARZENIE, CZYLI CO TO TAKIEGO\"}]},{\"@type\":\"WebSite\",\"@id\":\"https:\/\/frj.com.pl\/#website\",\"url\":\"https:\/\/frj.com.pl\/\",\"name\":\"Fundacja Rozwoju Je\u017adziectwa\",\"description\":\"\u201e\u017badna chwila nie zosta\u0142a zmarnowana, je\u015bli sp\u0119dzi\u0142o si\u0119 j\u0105 w siodle\u201d Winston Churchill\",\"publisher\":{\"@id\":\"https:\/\/frj.com.pl\/#organization\"},\"potentialAction\":[{\"@type\":\"SearchAction\",\"target\":{\"@type\":\"EntryPoint\",\"urlTemplate\":\"https:\/\/frj.com.pl\/?s={search_term_string}\"},\"query-input\":{\"@type\":\"PropertyValueSpecification\",\"valueRequired\":true,\"valueName\":\"search_term_string\"}}],\"inLanguage\":\"en-US\"},{\"@type\":\"Organization\",\"@id\":\"https:\/\/frj.com.pl\/#organization\",\"name\":\"Fundacja Rozwoju Je\u017adziectwa\",\"url\":\"https:\/\/frj.com.pl\/\",\"logo\":{\"@type\":\"ImageObject\",\"inLanguage\":\"en-US\",\"@id\":\"https:\/\/frj.com.pl\/#\/schema\/logo\/image\/\",\"url\":\"https:\/\/frj.com.pl\/wp-content\/uploads\/2025\/12\/W1-1-e1767019641285.png\",\"contentUrl\":\"https:\/\/frj.com.pl\/wp-content\/uploads\/2025\/12\/W1-1-e1767019641285.png\",\"width\":500,\"height\":100,\"caption\":\"Fundacja Rozwoju Je\u017adziectwa\"},\"image\":{\"@id\":\"https:\/\/frj.com.pl\/#\/schema\/logo\/image\/\"}}]}<\/script>\n<!-- \/ Yoast SEO plugin. -->","yoast_head_json":{"title":"WYDARZENIE, CZYLI CO TO TAKIEGO - Fundacja Rozwoju Je\u017adziectwa","robots":{"index":"index","follow":"follow","max-snippet":"max-snippet:-1","max-image-preview":"max-image-preview:large","max-video-preview":"max-video-preview:-1"},"canonical":"https:\/\/frj.com.pl\/?page_id=66","og_locale":"en_US","og_type":"article","og_title":"WYDARZENIE, CZYLI CO TO TAKIEGO - Fundacja Rozwoju Je\u017adziectwa","og_description":"\u201eProszenie konia, aby co\u015b zrobi\u0142, nie jest a\u017c tak sprytne, jak spowodowanie, aby on sam tego chcia\u0142\u201d Monty Roberts Zajmuj\u0105c si\u0119 sportem je\u017adzieckim, chcemy odnosi\u0107 sukcesy. Trenuj\u0105c&nbsp; konie, chcemy aby spe\u0142nia\u0142y nasze oczekiwania. Wszystko to zadzia\u0142a dopiero wtedy, gdy uda nam si\u0119 porozumie\u0107 z koniem. Kiedy umiej\u0119tnie przestaniemy mu przeszkadza\u0107, a list\u0119 \u017c\u0105da\u0144 i oczekiwa\u0144 [&hellip;]","og_url":"https:\/\/frj.com.pl\/?page_id=66","og_site_name":"Fundacja Rozwoju Je\u017adziectwa","article_modified_time":"2026-03-01T20:39:16+00:00","og_image":[{"width":2048,"height":1457,"url":"https:\/\/frj.com.pl\/wp-content\/uploads\/2026\/03\/RzK2026.jpg","type":"image\/jpeg"}],"twitter_card":"summary_large_image","twitter_misc":{"Est. reading time":"3 minutes"},"schema":{"@context":"https:\/\/schema.org","@graph":[{"@type":"WebPage","@id":"https:\/\/frj.com.pl\/?page_id=66","url":"https:\/\/frj.com.pl\/?page_id=66","name":"WYDARZENIE, CZYLI CO TO TAKIEGO - Fundacja Rozwoju Je\u017adziectwa","isPartOf":{"@id":"https:\/\/frj.com.pl\/#website"},"primaryImageOfPage":{"@id":"https:\/\/frj.com.pl\/?page_id=66#primaryimage"},"image":{"@id":"https:\/\/frj.com.pl\/?page_id=66#primaryimage"},"thumbnailUrl":"https:\/\/frj.com.pl\/wp-content\/uploads\/2026\/03\/RzK2026-1024x729.jpg","datePublished":"2025-08-20T15:19:13+00:00","dateModified":"2026-03-01T20:39:16+00:00","breadcrumb":{"@id":"https:\/\/frj.com.pl\/?page_id=66#breadcrumb"},"inLanguage":"en-US","potentialAction":[{"@type":"ReadAction","target":["https:\/\/frj.com.pl\/?page_id=66"]}]},{"@type":"ImageObject","inLanguage":"en-US","@id":"https:\/\/frj.com.pl\/?page_id=66#primaryimage","url":"https:\/\/frj.com.pl\/wp-content\/uploads\/2026\/03\/RzK2026.jpg","contentUrl":"https:\/\/frj.com.pl\/wp-content\/uploads\/2026\/03\/RzK2026.jpg","width":2048,"height":1457},{"@type":"BreadcrumbList","@id":"https:\/\/frj.com.pl\/?page_id=66#breadcrumb","itemListElement":[{"@type":"ListItem","position":1,"name":"Strona g\u0142\u00f3wna","item":"https:\/\/frj.com.pl\/"},{"@type":"ListItem","position":2,"name":"WYDARZENIE, CZYLI CO TO TAKIEGO"}]},{"@type":"WebSite","@id":"https:\/\/frj.com.pl\/#website","url":"https:\/\/frj.com.pl\/","name":"Fundacja Rozwoju Je\u017adziectwa","description":"\u201e\u017badna chwila nie zosta\u0142a zmarnowana, je\u015bli sp\u0119dzi\u0142o si\u0119 j\u0105 w siodle\u201d Winston Churchill","publisher":{"@id":"https:\/\/frj.com.pl\/#organization"},"potentialAction":[{"@type":"SearchAction","target":{"@type":"EntryPoint","urlTemplate":"https:\/\/frj.com.pl\/?s={search_term_string}"},"query-input":{"@type":"PropertyValueSpecification","valueRequired":true,"valueName":"search_term_string"}}],"inLanguage":"en-US"},{"@type":"Organization","@id":"https:\/\/frj.com.pl\/#organization","name":"Fundacja Rozwoju Je\u017adziectwa","url":"https:\/\/frj.com.pl\/","logo":{"@type":"ImageObject","inLanguage":"en-US","@id":"https:\/\/frj.com.pl\/#\/schema\/logo\/image\/","url":"https:\/\/frj.com.pl\/wp-content\/uploads\/2025\/12\/W1-1-e1767019641285.png","contentUrl":"https:\/\/frj.com.pl\/wp-content\/uploads\/2025\/12\/W1-1-e1767019641285.png","width":500,"height":100,"caption":"Fundacja Rozwoju Je\u017adziectwa"},"image":{"@id":"https:\/\/frj.com.pl\/#\/schema\/logo\/image\/"}}]}},"_links":{"self":[{"href":"https:\/\/frj.com.pl\/index.php?rest_route=\/wp\/v2\/pages\/66","targetHints":{"allow":["GET"]}}],"collection":[{"href":"https:\/\/frj.com.pl\/index.php?rest_route=\/wp\/v2\/pages"}],"about":[{"href":"https:\/\/frj.com.pl\/index.php?rest_route=\/wp\/v2\/types\/page"}],"author":[{"embeddable":true,"href":"https:\/\/frj.com.pl\/index.php?rest_route=\/wp\/v2\/users\/1"}],"replies":[{"embeddable":true,"href":"https:\/\/frj.com.pl\/index.php?rest_route=%2Fwp%2Fv2%2Fcomments&post=66"}],"version-history":[{"count":3,"href":"https:\/\/frj.com.pl\/index.php?rest_route=\/wp\/v2\/pages\/66\/revisions"}],"predecessor-version":[{"id":371,"href":"https:\/\/frj.com.pl\/index.php?rest_route=\/wp\/v2\/pages\/66\/revisions\/371"}],"wp:attachment":[{"href":"https:\/\/frj.com.pl\/index.php?rest_route=%2Fwp%2Fv2%2Fmedia&parent=66"}],"curies":[{"name":"wp","href":"https:\/\/api.w.org\/{rel}","templated":true}]}}