{"id":53,"date":"2025-08-20T17:14:50","date_gmt":"2025-08-20T15:14:50","guid":{"rendered":"https:\/\/frj.com.pl\/?page_id=53"},"modified":"2026-01-13T19:50:44","modified_gmt":"2026-01-13T18:50:44","slug":"kronika-czyli-rok-po-roku","status":"publish","type":"page","link":"https:\/\/frj.com.pl\/?page_id=53","title":{"rendered":"KRONIKA, CZYLI ROK PO ROKU"},"content":{"rendered":"\n<div class=\"wp-block-media-text is-stacked-on-mobile\" style=\"grid-template-columns:20% auto\"><figure class=\"wp-block-media-text__media\"><img fetchpriority=\"high\" decoding=\"async\" width=\"1024\" height=\"683\" src=\"https:\/\/frj.com.pl\/wp-content\/uploads\/2026\/01\/473246022_9470118946340158_963172610946730225_n-1-1024x683.jpg\" alt=\"\" class=\"wp-image-223 size-full\" srcset=\"https:\/\/frj.com.pl\/wp-content\/uploads\/2026\/01\/473246022_9470118946340158_963172610946730225_n-1-1024x683.jpg 1024w, https:\/\/frj.com.pl\/wp-content\/uploads\/2026\/01\/473246022_9470118946340158_963172610946730225_n-1-300x200.jpg 300w, https:\/\/frj.com.pl\/wp-content\/uploads\/2026\/01\/473246022_9470118946340158_963172610946730225_n-1-768x512.jpg 768w, https:\/\/frj.com.pl\/wp-content\/uploads\/2026\/01\/473246022_9470118946340158_963172610946730225_n-1-1536x1025.jpg 1536w, https:\/\/frj.com.pl\/wp-content\/uploads\/2026\/01\/473246022_9470118946340158_963172610946730225_n-1.jpg 1772w\" sizes=\"(max-width: 1024px) 100vw, 1024px\" \/><\/figure><div class=\"wp-block-media-text__content\">\n<p>2021 &#8211; Richard Winters<\/p>\n<\/div><\/div>\n\n\n\n<div class=\"wp-block-media-text is-stacked-on-mobile\" style=\"grid-template-columns:20% auto\"><figure class=\"wp-block-media-text__media\"><img decoding=\"async\" width=\"1024\" height=\"681\" src=\"https:\/\/frj.com.pl\/wp-content\/uploads\/2026\/01\/488198419_9984175491601165_5579404347569782014_n-1-1024x681.jpg\" alt=\"\" class=\"wp-image-225 size-full\" srcset=\"https:\/\/frj.com.pl\/wp-content\/uploads\/2026\/01\/488198419_9984175491601165_5579404347569782014_n-1-1024x681.jpg 1024w, https:\/\/frj.com.pl\/wp-content\/uploads\/2026\/01\/488198419_9984175491601165_5579404347569782014_n-1-300x199.jpg 300w, https:\/\/frj.com.pl\/wp-content\/uploads\/2026\/01\/488198419_9984175491601165_5579404347569782014_n-1-768x510.jpg 768w, https:\/\/frj.com.pl\/wp-content\/uploads\/2026\/01\/488198419_9984175491601165_5579404347569782014_n-1-1536x1021.jpg 1536w, https:\/\/frj.com.pl\/wp-content\/uploads\/2026\/01\/488198419_9984175491601165_5579404347569782014_n-1.jpg 2048w\" sizes=\"(max-width: 1024px) 100vw, 1024px\" \/><\/figure><div class=\"wp-block-media-text__content\">\n<p>2022 &#8211; Janet Jones<\/p>\n<\/div><\/div>\n\n\n\n<div class=\"wp-block-media-text is-stacked-on-mobile\" style=\"grid-template-columns:15% auto\"><figure class=\"wp-block-media-text__media\"><img decoding=\"async\" width=\"684\" height=\"1024\" src=\"https:\/\/frj.com.pl\/wp-content\/uploads\/2026\/01\/494206551_23956487127276766_8099886035402111924_n-1-2-684x1024.webp\" alt=\"\" class=\"wp-image-227 size-full\" srcset=\"https:\/\/frj.com.pl\/wp-content\/uploads\/2026\/01\/494206551_23956487127276766_8099886035402111924_n-1-2-684x1024.webp 684w, https:\/\/frj.com.pl\/wp-content\/uploads\/2026\/01\/494206551_23956487127276766_8099886035402111924_n-1-2-200x300.webp 200w, https:\/\/frj.com.pl\/wp-content\/uploads\/2026\/01\/494206551_23956487127276766_8099886035402111924_n-1-2-768x1151.webp 768w, https:\/\/frj.com.pl\/wp-content\/uploads\/2026\/01\/494206551_23956487127276766_8099886035402111924_n-1-2-1025x1536.webp 1025w, https:\/\/frj.com.pl\/wp-content\/uploads\/2026\/01\/494206551_23956487127276766_8099886035402111924_n-1-2.webp 1367w\" sizes=\"(max-width: 684px) 100vw, 684px\" \/><\/figure><div class=\"wp-block-media-text__content\">\n<p>             2023 &#8211; Rachael Draaisma<\/p>\n<\/div><\/div>\n\n\n\n<div class=\"wp-block-media-text is-stacked-on-mobile\" style=\"grid-template-columns:20% auto\"><figure class=\"wp-block-media-text__media\"><img loading=\"lazy\" decoding=\"async\" width=\"1024\" height=\"684\" src=\"https:\/\/frj.com.pl\/wp-content\/uploads\/2026\/01\/596807957_26006148125643979_3544106340361119745_n-2-1024x684.jpg\" alt=\"\" class=\"wp-image-228 size-full\" srcset=\"https:\/\/frj.com.pl\/wp-content\/uploads\/2026\/01\/596807957_26006148125643979_3544106340361119745_n-2-1024x684.jpg 1024w, https:\/\/frj.com.pl\/wp-content\/uploads\/2026\/01\/596807957_26006148125643979_3544106340361119745_n-2-300x200.jpg 300w, https:\/\/frj.com.pl\/wp-content\/uploads\/2026\/01\/596807957_26006148125643979_3544106340361119745_n-2-768x513.jpg 768w, https:\/\/frj.com.pl\/wp-content\/uploads\/2026\/01\/596807957_26006148125643979_3544106340361119745_n-2-1536x1025.jpg 1536w, https:\/\/frj.com.pl\/wp-content\/uploads\/2026\/01\/596807957_26006148125643979_3544106340361119745_n-2.jpg 2048w\" sizes=\"(max-width: 1024px) 100vw, 1024px\" \/><\/figure><div class=\"wp-block-media-text__content\">\n<p>2025 &#8211; Warwick Schiller<\/p>\n<\/div><\/div>\n\n\n\n<p><\/p>\n","protected":false},"excerpt":{"rendered":"<p>2021 &#8211; Richard Winters 2022 &#8211; Janet Jones 2023 &#8211; Rachael Draaisma 2025 &#8211; Warwick Schiller<\/p>\n","protected":false},"author":1,"featured_media":0,"parent":0,"menu_order":0,"comment_status":"closed","ping_status":"closed","template":"","meta":{"footnotes":""},"class_list":["post-53","page","type-page","status-publish","hentry"],"blocksy_meta":[],"yoast_head":"<!-- This site is optimized with the Yoast SEO plugin v26.9 - https:\/\/yoast.com\/product\/yoast-seo-wordpress\/ -->\n<title>KRONIKA, CZYLI ROK PO ROKU - Fundacja Rozwoju Je\u017adziectwa<\/title>\n<meta name=\"robots\" content=\"index, follow, max-snippet:-1, max-image-preview:large, max-video-preview:-1\" \/>\n<link rel=\"canonical\" href=\"https:\/\/frj.com.pl\/?page_id=53\" \/>\n<meta property=\"og:locale\" content=\"en_US\" \/>\n<meta property=\"og:type\" content=\"article\" \/>\n<meta property=\"og:title\" content=\"KRONIKA, CZYLI ROK PO ROKU - Fundacja Rozwoju Je\u017adziectwa\" \/>\n<meta property=\"og:description\" content=\"2021 &#8211; Richard Winters 2022 &#8211; Janet Jones 2023 &#8211; Rachael Draaisma 2025 &#8211; Warwick Schiller\" \/>\n<meta property=\"og:url\" content=\"https:\/\/frj.com.pl\/?page_id=53\" \/>\n<meta property=\"og:site_name\" content=\"Fundacja Rozwoju Je\u017adziectwa\" \/>\n<meta property=\"article:modified_time\" content=\"2026-01-13T18:50:44+00:00\" \/>\n<meta property=\"og:image\" content=\"https:\/\/frj.com.pl\/wp-content\/uploads\/2026\/01\/473246022_9470118946340158_963172610946730225_n-1.jpg\" \/>\n\t<meta property=\"og:image:width\" content=\"1772\" \/>\n\t<meta property=\"og:image:height\" content=\"1182\" \/>\n\t<meta property=\"og:image:type\" content=\"image\/jpeg\" \/>\n<meta name=\"twitter:card\" content=\"summary_large_image\" \/>\n<meta name=\"twitter:label1\" content=\"Est. reading time\" \/>\n\t<meta name=\"twitter:data1\" content=\"1 minute\" \/>\n<script type=\"application\/ld+json\" class=\"yoast-schema-graph\">{\"@context\":\"https:\/\/schema.org\",\"@graph\":[{\"@type\":\"WebPage\",\"@id\":\"https:\/\/frj.com.pl\/?page_id=53\",\"url\":\"https:\/\/frj.com.pl\/?page_id=53\",\"name\":\"KRONIKA, CZYLI ROK PO ROKU - Fundacja Rozwoju Je\u017adziectwa\",\"isPartOf\":{\"@id\":\"https:\/\/frj.com.pl\/#website\"},\"primaryImageOfPage\":{\"@id\":\"https:\/\/frj.com.pl\/?page_id=53#primaryimage\"},\"image\":{\"@id\":\"https:\/\/frj.com.pl\/?page_id=53#primaryimage\"},\"thumbnailUrl\":\"https:\/\/frj.com.pl\/wp-content\/uploads\/2026\/01\/473246022_9470118946340158_963172610946730225_n-1-1024x683.jpg\",\"datePublished\":\"2025-08-20T15:14:50+00:00\",\"dateModified\":\"2026-01-13T18:50:44+00:00\",\"breadcrumb\":{\"@id\":\"https:\/\/frj.com.pl\/?page_id=53#breadcrumb\"},\"inLanguage\":\"en-US\",\"potentialAction\":[{\"@type\":\"ReadAction\",\"target\":[\"https:\/\/frj.com.pl\/?page_id=53\"]}]},{\"@type\":\"ImageObject\",\"inLanguage\":\"en-US\",\"@id\":\"https:\/\/frj.com.pl\/?page_id=53#primaryimage\",\"url\":\"https:\/\/frj.com.pl\/wp-content\/uploads\/2026\/01\/473246022_9470118946340158_963172610946730225_n-1.jpg\",\"contentUrl\":\"https:\/\/frj.com.pl\/wp-content\/uploads\/2026\/01\/473246022_9470118946340158_963172610946730225_n-1.jpg\",\"width\":1772,\"height\":1182},{\"@type\":\"BreadcrumbList\",\"@id\":\"https:\/\/frj.com.pl\/?page_id=53#breadcrumb\",\"itemListElement\":[{\"@type\":\"ListItem\",\"position\":1,\"name\":\"Strona g\u0142\u00f3wna\",\"item\":\"https:\/\/frj.com.pl\/\"},{\"@type\":\"ListItem\",\"position\":2,\"name\":\"KRONIKA, CZYLI ROK PO ROKU\"}]},{\"@type\":\"WebSite\",\"@id\":\"https:\/\/frj.com.pl\/#website\",\"url\":\"https:\/\/frj.com.pl\/\",\"name\":\"Fundacja Rozwoju Je\u017adziectwa\",\"description\":\"\u201e\u017badna chwila nie zosta\u0142a zmarnowana, je\u015bli sp\u0119dzi\u0142o si\u0119 j\u0105 w siodle\u201d Winston Churchill\",\"publisher\":{\"@id\":\"https:\/\/frj.com.pl\/#organization\"},\"potentialAction\":[{\"@type\":\"SearchAction\",\"target\":{\"@type\":\"EntryPoint\",\"urlTemplate\":\"https:\/\/frj.com.pl\/?s={search_term_string}\"},\"query-input\":{\"@type\":\"PropertyValueSpecification\",\"valueRequired\":true,\"valueName\":\"search_term_string\"}}],\"inLanguage\":\"en-US\"},{\"@type\":\"Organization\",\"@id\":\"https:\/\/frj.com.pl\/#organization\",\"name\":\"Fundacja Rozwoju Je\u017adziectwa\",\"url\":\"https:\/\/frj.com.pl\/\",\"logo\":{\"@type\":\"ImageObject\",\"inLanguage\":\"en-US\",\"@id\":\"https:\/\/frj.com.pl\/#\/schema\/logo\/image\/\",\"url\":\"https:\/\/frj.com.pl\/wp-content\/uploads\/2025\/12\/W1-1-e1767019641285.png\",\"contentUrl\":\"https:\/\/frj.com.pl\/wp-content\/uploads\/2025\/12\/W1-1-e1767019641285.png\",\"width\":500,\"height\":100,\"caption\":\"Fundacja Rozwoju Je\u017adziectwa\"},\"image\":{\"@id\":\"https:\/\/frj.com.pl\/#\/schema\/logo\/image\/\"}}]}<\/script>\n<!-- \/ Yoast SEO plugin. -->","yoast_head_json":{"title":"KRONIKA, CZYLI ROK PO ROKU - Fundacja Rozwoju Je\u017adziectwa","robots":{"index":"index","follow":"follow","max-snippet":"max-snippet:-1","max-image-preview":"max-image-preview:large","max-video-preview":"max-video-preview:-1"},"canonical":"https:\/\/frj.com.pl\/?page_id=53","og_locale":"en_US","og_type":"article","og_title":"KRONIKA, CZYLI ROK PO ROKU - Fundacja Rozwoju Je\u017adziectwa","og_description":"2021 &#8211; Richard Winters 2022 &#8211; Janet Jones 2023 &#8211; Rachael Draaisma 2025 &#8211; Warwick Schiller","og_url":"https:\/\/frj.com.pl\/?page_id=53","og_site_name":"Fundacja Rozwoju Je\u017adziectwa","article_modified_time":"2026-01-13T18:50:44+00:00","og_image":[{"width":1772,"height":1182,"url":"https:\/\/frj.com.pl\/wp-content\/uploads\/2026\/01\/473246022_9470118946340158_963172610946730225_n-1.jpg","type":"image\/jpeg"}],"twitter_card":"summary_large_image","twitter_misc":{"Est. reading time":"1 minute"},"schema":{"@context":"https:\/\/schema.org","@graph":[{"@type":"WebPage","@id":"https:\/\/frj.com.pl\/?page_id=53","url":"https:\/\/frj.com.pl\/?page_id=53","name":"KRONIKA, CZYLI ROK PO ROKU - Fundacja Rozwoju Je\u017adziectwa","isPartOf":{"@id":"https:\/\/frj.com.pl\/#website"},"primaryImageOfPage":{"@id":"https:\/\/frj.com.pl\/?page_id=53#primaryimage"},"image":{"@id":"https:\/\/frj.com.pl\/?page_id=53#primaryimage"},"thumbnailUrl":"https:\/\/frj.com.pl\/wp-content\/uploads\/2026\/01\/473246022_9470118946340158_963172610946730225_n-1-1024x683.jpg","datePublished":"2025-08-20T15:14:50+00:00","dateModified":"2026-01-13T18:50:44+00:00","breadcrumb":{"@id":"https:\/\/frj.com.pl\/?page_id=53#breadcrumb"},"inLanguage":"en-US","potentialAction":[{"@type":"ReadAction","target":["https:\/\/frj.com.pl\/?page_id=53"]}]},{"@type":"ImageObject","inLanguage":"en-US","@id":"https:\/\/frj.com.pl\/?page_id=53#primaryimage","url":"https:\/\/frj.com.pl\/wp-content\/uploads\/2026\/01\/473246022_9470118946340158_963172610946730225_n-1.jpg","contentUrl":"https:\/\/frj.com.pl\/wp-content\/uploads\/2026\/01\/473246022_9470118946340158_963172610946730225_n-1.jpg","width":1772,"height":1182},{"@type":"BreadcrumbList","@id":"https:\/\/frj.com.pl\/?page_id=53#breadcrumb","itemListElement":[{"@type":"ListItem","position":1,"name":"Strona g\u0142\u00f3wna","item":"https:\/\/frj.com.pl\/"},{"@type":"ListItem","position":2,"name":"KRONIKA, CZYLI ROK PO ROKU"}]},{"@type":"WebSite","@id":"https:\/\/frj.com.pl\/#website","url":"https:\/\/frj.com.pl\/","name":"Fundacja Rozwoju Je\u017adziectwa","description":"\u201e\u017badna chwila nie zosta\u0142a zmarnowana, je\u015bli sp\u0119dzi\u0142o si\u0119 j\u0105 w siodle\u201d Winston Churchill","publisher":{"@id":"https:\/\/frj.com.pl\/#organization"},"potentialAction":[{"@type":"SearchAction","target":{"@type":"EntryPoint","urlTemplate":"https:\/\/frj.com.pl\/?s={search_term_string}"},"query-input":{"@type":"PropertyValueSpecification","valueRequired":true,"valueName":"search_term_string"}}],"inLanguage":"en-US"},{"@type":"Organization","@id":"https:\/\/frj.com.pl\/#organization","name":"Fundacja Rozwoju Je\u017adziectwa","url":"https:\/\/frj.com.pl\/","logo":{"@type":"ImageObject","inLanguage":"en-US","@id":"https:\/\/frj.com.pl\/#\/schema\/logo\/image\/","url":"https:\/\/frj.com.pl\/wp-content\/uploads\/2025\/12\/W1-1-e1767019641285.png","contentUrl":"https:\/\/frj.com.pl\/wp-content\/uploads\/2025\/12\/W1-1-e1767019641285.png","width":500,"height":100,"caption":"Fundacja Rozwoju Je\u017adziectwa"},"image":{"@id":"https:\/\/frj.com.pl\/#\/schema\/logo\/image\/"}}]}},"_links":{"self":[{"href":"https:\/\/frj.com.pl\/index.php?rest_route=\/wp\/v2\/pages\/53","targetHints":{"allow":["GET"]}}],"collection":[{"href":"https:\/\/frj.com.pl\/index.php?rest_route=\/wp\/v2\/pages"}],"about":[{"href":"https:\/\/frj.com.pl\/index.php?rest_route=\/wp\/v2\/types\/page"}],"author":[{"embeddable":true,"href":"https:\/\/frj.com.pl\/index.php?rest_route=\/wp\/v2\/users\/1"}],"replies":[{"embeddable":true,"href":"https:\/\/frj.com.pl\/index.php?rest_route=%2Fwp%2Fv2%2Fcomments&post=53"}],"version-history":[{"count":2,"href":"https:\/\/frj.com.pl\/index.php?rest_route=\/wp\/v2\/pages\/53\/revisions"}],"predecessor-version":[{"id":229,"href":"https:\/\/frj.com.pl\/index.php?rest_route=\/wp\/v2\/pages\/53\/revisions\/229"}],"wp:attachment":[{"href":"https:\/\/frj.com.pl\/index.php?rest_route=%2Fwp%2Fv2%2Fmedia&parent=53"}],"curies":[{"name":"wp","href":"https:\/\/api.w.org\/{rel}","templated":true}]}}