{"id":49,"date":"2025-08-20T17:13:49","date_gmt":"2025-08-20T15:13:49","guid":{"rendered":"https:\/\/frj.com.pl\/?page_id=49"},"modified":"2026-03-16T14:33:32","modified_gmt":"2026-03-16T13:33:32","slug":"standardy-ochrony-maloletnich","status":"publish","type":"page","link":"https:\/\/frj.com.pl\/?page_id=49","title":{"rendered":"STANDARDY OCHRONY MA\u0141OLETNICH"},"content":{"rendered":"\n<div data-wp-interactive=\"core\/file\" class=\"wp-block-file\"><object data-wp-bind--hidden=\"!state.hasPdfPreview\" hidden class=\"wp-block-file__embed\" data=\"https:\/\/frj.com.pl\/wp-content\/uploads\/2026\/03\/Standardy-Ochrony-Maloletnich-FRJ.pdf\" type=\"application\/pdf\" style=\"width:100%;height:600px\" aria-label=\"Embed of Standardy Ochrony Ma\u0142oletnich FRJ.\"><\/object><a id=\"wp-block-file--media-50ea991d-a45a-4476-b9bd-7bd75f63ffff\" href=\"https:\/\/frj.com.pl\/wp-content\/uploads\/2026\/03\/Standardy-Ochrony-Maloletnich-FRJ.pdf\">Standardy Ochrony Ma\u0142oletnich FRJ<\/a><a href=\"https:\/\/frj.com.pl\/wp-content\/uploads\/2026\/03\/Standardy-Ochrony-Maloletnich-FRJ.pdf\" class=\"wp-block-file__button wp-element-button\" download aria-describedby=\"wp-block-file--media-50ea991d-a45a-4476-b9bd-7bd75f63ffff\">Download<\/a><\/div>\n","protected":false},"excerpt":{"rendered":"","protected":false},"author":1,"featured_media":0,"parent":0,"menu_order":0,"comment_status":"closed","ping_status":"closed","template":"","meta":{"footnotes":""},"class_list":["post-49","page","type-page","status-publish","hentry"],"blocksy_meta":[],"yoast_head":"<!-- This site is optimized with the Yoast SEO plugin v26.9 - https:\/\/yoast.com\/product\/yoast-seo-wordpress\/ -->\n<title>STANDARDY OCHRONY MA\u0141OLETNICH - Fundacja Rozwoju Je\u017adziectwa<\/title>\n<meta name=\"robots\" content=\"index, follow, max-snippet:-1, max-image-preview:large, max-video-preview:-1\" \/>\n<link rel=\"canonical\" href=\"https:\/\/frj.com.pl\/?page_id=49\" \/>\n<meta property=\"og:locale\" content=\"en_US\" \/>\n<meta property=\"og:type\" content=\"article\" \/>\n<meta property=\"og:title\" content=\"STANDARDY OCHRONY MA\u0141OLETNICH - Fundacja Rozwoju Je\u017adziectwa\" \/>\n<meta property=\"og:url\" content=\"https:\/\/frj.com.pl\/?page_id=49\" \/>\n<meta property=\"og:site_name\" content=\"Fundacja Rozwoju Je\u017adziectwa\" \/>\n<meta property=\"article:modified_time\" content=\"2026-03-16T13:33:32+00:00\" \/>\n<meta name=\"twitter:card\" content=\"summary_large_image\" \/>\n<meta name=\"twitter:label1\" content=\"Est. reading time\" \/>\n\t<meta name=\"twitter:data1\" content=\"1 minute\" \/>\n<script type=\"application\/ld+json\" class=\"yoast-schema-graph\">{\"@context\":\"https:\/\/schema.org\",\"@graph\":[{\"@type\":\"WebPage\",\"@id\":\"https:\/\/frj.com.pl\/?page_id=49\",\"url\":\"https:\/\/frj.com.pl\/?page_id=49\",\"name\":\"STANDARDY OCHRONY MA\u0141OLETNICH - Fundacja Rozwoju Je\u017adziectwa\",\"isPartOf\":{\"@id\":\"https:\/\/frj.com.pl\/#website\"},\"datePublished\":\"2025-08-20T15:13:49+00:00\",\"dateModified\":\"2026-03-16T13:33:32+00:00\",\"breadcrumb\":{\"@id\":\"https:\/\/frj.com.pl\/?page_id=49#breadcrumb\"},\"inLanguage\":\"en-US\",\"potentialAction\":[{\"@type\":\"ReadAction\",\"target\":[\"https:\/\/frj.com.pl\/?page_id=49\"]}]},{\"@type\":\"BreadcrumbList\",\"@id\":\"https:\/\/frj.com.pl\/?page_id=49#breadcrumb\",\"itemListElement\":[{\"@type\":\"ListItem\",\"position\":1,\"name\":\"Strona g\u0142\u00f3wna\",\"item\":\"https:\/\/frj.com.pl\/\"},{\"@type\":\"ListItem\",\"position\":2,\"name\":\"STANDARDY OCHRONY MA\u0141OLETNICH\"}]},{\"@type\":\"WebSite\",\"@id\":\"https:\/\/frj.com.pl\/#website\",\"url\":\"https:\/\/frj.com.pl\/\",\"name\":\"Fundacja Rozwoju Je\u017adziectwa\",\"description\":\"\u201e\u017badna chwila nie zosta\u0142a zmarnowana, je\u015bli sp\u0119dzi\u0142o si\u0119 j\u0105 w siodle\u201d Winston Churchill\",\"publisher\":{\"@id\":\"https:\/\/frj.com.pl\/#organization\"},\"potentialAction\":[{\"@type\":\"SearchAction\",\"target\":{\"@type\":\"EntryPoint\",\"urlTemplate\":\"https:\/\/frj.com.pl\/?s={search_term_string}\"},\"query-input\":{\"@type\":\"PropertyValueSpecification\",\"valueRequired\":true,\"valueName\":\"search_term_string\"}}],\"inLanguage\":\"en-US\"},{\"@type\":\"Organization\",\"@id\":\"https:\/\/frj.com.pl\/#organization\",\"name\":\"Fundacja Rozwoju Je\u017adziectwa\",\"url\":\"https:\/\/frj.com.pl\/\",\"logo\":{\"@type\":\"ImageObject\",\"inLanguage\":\"en-US\",\"@id\":\"https:\/\/frj.com.pl\/#\/schema\/logo\/image\/\",\"url\":\"https:\/\/frj.com.pl\/wp-content\/uploads\/2025\/12\/W1-1-e1767019641285.png\",\"contentUrl\":\"https:\/\/frj.com.pl\/wp-content\/uploads\/2025\/12\/W1-1-e1767019641285.png\",\"width\":500,\"height\":100,\"caption\":\"Fundacja Rozwoju Je\u017adziectwa\"},\"image\":{\"@id\":\"https:\/\/frj.com.pl\/#\/schema\/logo\/image\/\"}}]}<\/script>\n<!-- \/ Yoast SEO plugin. -->","yoast_head_json":{"title":"STANDARDY OCHRONY MA\u0141OLETNICH - Fundacja Rozwoju Je\u017adziectwa","robots":{"index":"index","follow":"follow","max-snippet":"max-snippet:-1","max-image-preview":"max-image-preview:large","max-video-preview":"max-video-preview:-1"},"canonical":"https:\/\/frj.com.pl\/?page_id=49","og_locale":"en_US","og_type":"article","og_title":"STANDARDY OCHRONY MA\u0141OLETNICH - Fundacja Rozwoju Je\u017adziectwa","og_url":"https:\/\/frj.com.pl\/?page_id=49","og_site_name":"Fundacja Rozwoju Je\u017adziectwa","article_modified_time":"2026-03-16T13:33:32+00:00","twitter_card":"summary_large_image","twitter_misc":{"Est. reading time":"1 minute"},"schema":{"@context":"https:\/\/schema.org","@graph":[{"@type":"WebPage","@id":"https:\/\/frj.com.pl\/?page_id=49","url":"https:\/\/frj.com.pl\/?page_id=49","name":"STANDARDY OCHRONY MA\u0141OLETNICH - Fundacja Rozwoju Je\u017adziectwa","isPartOf":{"@id":"https:\/\/frj.com.pl\/#website"},"datePublished":"2025-08-20T15:13:49+00:00","dateModified":"2026-03-16T13:33:32+00:00","breadcrumb":{"@id":"https:\/\/frj.com.pl\/?page_id=49#breadcrumb"},"inLanguage":"en-US","potentialAction":[{"@type":"ReadAction","target":["https:\/\/frj.com.pl\/?page_id=49"]}]},{"@type":"BreadcrumbList","@id":"https:\/\/frj.com.pl\/?page_id=49#breadcrumb","itemListElement":[{"@type":"ListItem","position":1,"name":"Strona g\u0142\u00f3wna","item":"https:\/\/frj.com.pl\/"},{"@type":"ListItem","position":2,"name":"STANDARDY OCHRONY MA\u0141OLETNICH"}]},{"@type":"WebSite","@id":"https:\/\/frj.com.pl\/#website","url":"https:\/\/frj.com.pl\/","name":"Fundacja Rozwoju Je\u017adziectwa","description":"\u201e\u017badna chwila nie zosta\u0142a zmarnowana, je\u015bli sp\u0119dzi\u0142o si\u0119 j\u0105 w siodle\u201d Winston Churchill","publisher":{"@id":"https:\/\/frj.com.pl\/#organization"},"potentialAction":[{"@type":"SearchAction","target":{"@type":"EntryPoint","urlTemplate":"https:\/\/frj.com.pl\/?s={search_term_string}"},"query-input":{"@type":"PropertyValueSpecification","valueRequired":true,"valueName":"search_term_string"}}],"inLanguage":"en-US"},{"@type":"Organization","@id":"https:\/\/frj.com.pl\/#organization","name":"Fundacja Rozwoju Je\u017adziectwa","url":"https:\/\/frj.com.pl\/","logo":{"@type":"ImageObject","inLanguage":"en-US","@id":"https:\/\/frj.com.pl\/#\/schema\/logo\/image\/","url":"https:\/\/frj.com.pl\/wp-content\/uploads\/2025\/12\/W1-1-e1767019641285.png","contentUrl":"https:\/\/frj.com.pl\/wp-content\/uploads\/2025\/12\/W1-1-e1767019641285.png","width":500,"height":100,"caption":"Fundacja Rozwoju Je\u017adziectwa"},"image":{"@id":"https:\/\/frj.com.pl\/#\/schema\/logo\/image\/"}}]}},"_links":{"self":[{"href":"https:\/\/frj.com.pl\/index.php?rest_route=\/wp\/v2\/pages\/49","targetHints":{"allow":["GET"]}}],"collection":[{"href":"https:\/\/frj.com.pl\/index.php?rest_route=\/wp\/v2\/pages"}],"about":[{"href":"https:\/\/frj.com.pl\/index.php?rest_route=\/wp\/v2\/types\/page"}],"author":[{"embeddable":true,"href":"https:\/\/frj.com.pl\/index.php?rest_route=\/wp\/v2\/users\/1"}],"replies":[{"embeddable":true,"href":"https:\/\/frj.com.pl\/index.php?rest_route=%2Fwp%2Fv2%2Fcomments&post=49"}],"version-history":[{"count":2,"href":"https:\/\/frj.com.pl\/index.php?rest_route=\/wp\/v2\/pages\/49\/revisions"}],"predecessor-version":[{"id":381,"href":"https:\/\/frj.com.pl\/index.php?rest_route=\/wp\/v2\/pages\/49\/revisions\/381"}],"wp:attachment":[{"href":"https:\/\/frj.com.pl\/index.php?rest_route=%2Fwp%2Fv2%2Fmedia&parent=49"}],"curies":[{"name":"wp","href":"https:\/\/api.w.org\/{rel}","templated":true}]}}