{"id":47,"date":"2025-08-20T17:13:24","date_gmt":"2025-08-20T15:13:24","guid":{"rendered":"https:\/\/frj.com.pl\/?page_id=47"},"modified":"2026-01-16T23:21:44","modified_gmt":"2026-01-16T22:21:44","slug":"projekty-czyli-co-robimy","status":"publish","type":"page","link":"https:\/\/frj.com.pl\/?page_id=47","title":{"rendered":"PROJEKTY, CZYLI CO ROBIMY"},"content":{"rendered":"\n<div class=\"wp-block-media-text is-stacked-on-mobile\" style=\"grid-template-columns:15% auto\"><figure class=\"wp-block-media-text__media\"><img fetchpriority=\"high\" decoding=\"async\" width=\"526\" height=\"789\" src=\"https:\/\/frj.com.pl\/wp-content\/uploads\/2026\/01\/589122487_1275058494662062_6588155993256066257_n.jpg\" alt=\"\" class=\"wp-image-231 size-full\" srcset=\"https:\/\/frj.com.pl\/wp-content\/uploads\/2026\/01\/589122487_1275058494662062_6588155993256066257_n.jpg 526w, https:\/\/frj.com.pl\/wp-content\/uploads\/2026\/01\/589122487_1275058494662062_6588155993256066257_n-200x300.jpg 200w\" sizes=\"(max-width: 526px) 100vw, 526px\" \/><\/figure><div class=\"wp-block-media-text__content\">\n<p><strong>Hobby horse<\/strong> ma bogat\u0105 histori\u0119, si\u0119gaj\u0105c\u0105 wiek\u00f3w. Cho\u0107 pocz\u0105tkowo by\u0142 to prosty \u015brodek zabawy dla dzieci, dzi\u015b sta\u0142 si\u0119 cz\u0119\u015bci\u0105 kultury je\u017adzieckiej.<\/p>\n\n\n\n<p>W Polsce ma\u0142o os\u00f3b zna ten sport, jednak w krajach skandynawskich jest do\u015b\u0107 popularny. Hobby horse to zawody je\u017adzieckie, podczas kt\u00f3rych zamiast prawdziwych koni wykorzystuje si\u0119 g\u0142owy koni na kiju.<\/p>\n\n\n\n<p>Obecnie wiele dzieci trudno zach\u0119ci\u0107 do aktywno\u015bci fizycznej. Cho\u0107 hobby horsing mo\u017ce sprawia\u0107 wra\u017cenie niewinnej zabawy, to mo\u017ce by\u0107 okazj\u0105 do naprawd\u0119 intensywnej aktywno\u015bci. W krajach skandynawskich traktowany jest ca\u0142kiem powa\u017cnie i zdobywa coraz wi\u0119ksz\u0105 popularno\u015b\u0107.<\/p>\n\n\n\n<p>Jest to ju\u017c nowa dyscyplina sportowa. Zawody je\u017adzieckie hobby horse gromadz\u0105 entuzjast\u00f3w z ca\u0142ego \u015bwiata, kt\u00f3rzy rywalizuj\u0105 w skokach przez przeszkody i prezentacji stylu.<\/p>\n\n\n\n<p>Hobby Horse to nie tylko konik na drewnianym kiju. To wyj\u0105tkowa pasja, kt\u00f3ra pozwala odkry\u0107 \u015bwiat hobbistycznego je\u017adziectwa. Bez wzgl\u0119du na wiek czy do\u015bwiadczenie, ka\u017cdy mo\u017ce skorzysta\u0107 z tego \u015bwietnego sposobu na popraw\u0119 zdrowia psychicznego, popraw\u0119 kondycji, rozwijanie umiej\u0119tno\u015bci, a tak\u017ce po prostu dobr\u0105 zabaw\u0119.<\/p>\n\n\n\n<p><strong>Zawody dla dzieci zorganizowane przez nasz\u0105 Fundacj\u0119 odby\u0142y si\u0119 6.12.2025r. Zapraszamy do obejrzenia zdj\u0119\u0107 z wydarzenia w GALERII.<\/strong><\/p>\n<\/div><\/div>\n\n\n\n<p><\/p>\n","protected":false},"excerpt":{"rendered":"<p>Hobby horse ma bogat\u0105 histori\u0119, si\u0119gaj\u0105c\u0105 wiek\u00f3w. Cho\u0107 pocz\u0105tkowo by\u0142 to prosty \u015brodek zabawy dla dzieci, dzi\u015b sta\u0142 si\u0119 cz\u0119\u015bci\u0105 kultury je\u017adzieckiej. W Polsce ma\u0142o os\u00f3b zna ten sport, jednak w krajach skandynawskich jest do\u015b\u0107 popularny. Hobby horse to zawody je\u017adzieckie, podczas kt\u00f3rych zamiast prawdziwych koni wykorzystuje si\u0119 g\u0142owy koni na kiju. Obecnie wiele dzieci [&hellip;]<\/p>\n","protected":false},"author":1,"featured_media":0,"parent":0,"menu_order":0,"comment_status":"closed","ping_status":"closed","template":"","meta":{"footnotes":""},"class_list":["post-47","page","type-page","status-publish","hentry"],"blocksy_meta":[],"yoast_head":"<!-- This site is optimized with the Yoast SEO plugin v26.9 - https:\/\/yoast.com\/product\/yoast-seo-wordpress\/ -->\n<title>PROJEKTY, CZYLI CO ROBIMY - Fundacja Rozwoju Je\u017adziectwa<\/title>\n<meta name=\"robots\" content=\"index, follow, max-snippet:-1, max-image-preview:large, max-video-preview:-1\" \/>\n<link rel=\"canonical\" href=\"https:\/\/frj.com.pl\/?page_id=47\" \/>\n<meta property=\"og:locale\" content=\"en_US\" \/>\n<meta property=\"og:type\" content=\"article\" \/>\n<meta property=\"og:title\" content=\"PROJEKTY, CZYLI CO ROBIMY - Fundacja Rozwoju Je\u017adziectwa\" \/>\n<meta property=\"og:description\" content=\"Hobby horse ma bogat\u0105 histori\u0119, si\u0119gaj\u0105c\u0105 wiek\u00f3w. Cho\u0107 pocz\u0105tkowo by\u0142 to prosty \u015brodek zabawy dla dzieci, dzi\u015b sta\u0142 si\u0119 cz\u0119\u015bci\u0105 kultury je\u017adzieckiej. W Polsce ma\u0142o os\u00f3b zna ten sport, jednak w krajach skandynawskich jest do\u015b\u0107 popularny. Hobby horse to zawody je\u017adzieckie, podczas kt\u00f3rych zamiast prawdziwych koni wykorzystuje si\u0119 g\u0142owy koni na kiju. Obecnie wiele dzieci [&hellip;]\" \/>\n<meta property=\"og:url\" content=\"https:\/\/frj.com.pl\/?page_id=47\" \/>\n<meta property=\"og:site_name\" content=\"Fundacja Rozwoju Je\u017adziectwa\" \/>\n<meta property=\"article:modified_time\" content=\"2026-01-16T22:21:44+00:00\" \/>\n<meta property=\"og:image\" content=\"https:\/\/frj.com.pl\/wp-content\/uploads\/2026\/01\/589122487_1275058494662062_6588155993256066257_n.jpg\" \/>\n\t<meta property=\"og:image:width\" content=\"526\" \/>\n\t<meta property=\"og:image:height\" content=\"789\" \/>\n\t<meta property=\"og:image:type\" content=\"image\/jpeg\" \/>\n<meta name=\"twitter:card\" content=\"summary_large_image\" \/>\n<meta name=\"twitter:label1\" content=\"Est. reading time\" \/>\n\t<meta name=\"twitter:data1\" content=\"2 minutes\" \/>\n<script type=\"application\/ld+json\" class=\"yoast-schema-graph\">{\"@context\":\"https:\/\/schema.org\",\"@graph\":[{\"@type\":\"WebPage\",\"@id\":\"https:\/\/frj.com.pl\/?page_id=47\",\"url\":\"https:\/\/frj.com.pl\/?page_id=47\",\"name\":\"PROJEKTY, CZYLI CO ROBIMY - Fundacja Rozwoju Je\u017adziectwa\",\"isPartOf\":{\"@id\":\"https:\/\/frj.com.pl\/#website\"},\"primaryImageOfPage\":{\"@id\":\"https:\/\/frj.com.pl\/?page_id=47#primaryimage\"},\"image\":{\"@id\":\"https:\/\/frj.com.pl\/?page_id=47#primaryimage\"},\"thumbnailUrl\":\"https:\/\/frj.com.pl\/wp-content\/uploads\/2026\/01\/589122487_1275058494662062_6588155993256066257_n.jpg\",\"datePublished\":\"2025-08-20T15:13:24+00:00\",\"dateModified\":\"2026-01-16T22:21:44+00:00\",\"breadcrumb\":{\"@id\":\"https:\/\/frj.com.pl\/?page_id=47#breadcrumb\"},\"inLanguage\":\"en-US\",\"potentialAction\":[{\"@type\":\"ReadAction\",\"target\":[\"https:\/\/frj.com.pl\/?page_id=47\"]}]},{\"@type\":\"ImageObject\",\"inLanguage\":\"en-US\",\"@id\":\"https:\/\/frj.com.pl\/?page_id=47#primaryimage\",\"url\":\"https:\/\/frj.com.pl\/wp-content\/uploads\/2026\/01\/589122487_1275058494662062_6588155993256066257_n.jpg\",\"contentUrl\":\"https:\/\/frj.com.pl\/wp-content\/uploads\/2026\/01\/589122487_1275058494662062_6588155993256066257_n.jpg\",\"width\":526,\"height\":789},{\"@type\":\"BreadcrumbList\",\"@id\":\"https:\/\/frj.com.pl\/?page_id=47#breadcrumb\",\"itemListElement\":[{\"@type\":\"ListItem\",\"position\":1,\"name\":\"Strona g\u0142\u00f3wna\",\"item\":\"https:\/\/frj.com.pl\/\"},{\"@type\":\"ListItem\",\"position\":2,\"name\":\"PROJEKTY, CZYLI CO ROBIMY\"}]},{\"@type\":\"WebSite\",\"@id\":\"https:\/\/frj.com.pl\/#website\",\"url\":\"https:\/\/frj.com.pl\/\",\"name\":\"Fundacja Rozwoju Je\u017adziectwa\",\"description\":\"\u201e\u017badna chwila nie zosta\u0142a zmarnowana, je\u015bli sp\u0119dzi\u0142o si\u0119 j\u0105 w siodle\u201d Winston Churchill\",\"publisher\":{\"@id\":\"https:\/\/frj.com.pl\/#organization\"},\"potentialAction\":[{\"@type\":\"SearchAction\",\"target\":{\"@type\":\"EntryPoint\",\"urlTemplate\":\"https:\/\/frj.com.pl\/?s={search_term_string}\"},\"query-input\":{\"@type\":\"PropertyValueSpecification\",\"valueRequired\":true,\"valueName\":\"search_term_string\"}}],\"inLanguage\":\"en-US\"},{\"@type\":\"Organization\",\"@id\":\"https:\/\/frj.com.pl\/#organization\",\"name\":\"Fundacja Rozwoju Je\u017adziectwa\",\"url\":\"https:\/\/frj.com.pl\/\",\"logo\":{\"@type\":\"ImageObject\",\"inLanguage\":\"en-US\",\"@id\":\"https:\/\/frj.com.pl\/#\/schema\/logo\/image\/\",\"url\":\"https:\/\/frj.com.pl\/wp-content\/uploads\/2025\/12\/W1-1-e1767019641285.png\",\"contentUrl\":\"https:\/\/frj.com.pl\/wp-content\/uploads\/2025\/12\/W1-1-e1767019641285.png\",\"width\":500,\"height\":100,\"caption\":\"Fundacja Rozwoju Je\u017adziectwa\"},\"image\":{\"@id\":\"https:\/\/frj.com.pl\/#\/schema\/logo\/image\/\"}}]}<\/script>\n<!-- \/ Yoast SEO plugin. -->","yoast_head_json":{"title":"PROJEKTY, CZYLI CO ROBIMY - Fundacja Rozwoju Je\u017adziectwa","robots":{"index":"index","follow":"follow","max-snippet":"max-snippet:-1","max-image-preview":"max-image-preview:large","max-video-preview":"max-video-preview:-1"},"canonical":"https:\/\/frj.com.pl\/?page_id=47","og_locale":"en_US","og_type":"article","og_title":"PROJEKTY, CZYLI CO ROBIMY - Fundacja Rozwoju Je\u017adziectwa","og_description":"Hobby horse ma bogat\u0105 histori\u0119, si\u0119gaj\u0105c\u0105 wiek\u00f3w. Cho\u0107 pocz\u0105tkowo by\u0142 to prosty \u015brodek zabawy dla dzieci, dzi\u015b sta\u0142 si\u0119 cz\u0119\u015bci\u0105 kultury je\u017adzieckiej. W Polsce ma\u0142o os\u00f3b zna ten sport, jednak w krajach skandynawskich jest do\u015b\u0107 popularny. Hobby horse to zawody je\u017adzieckie, podczas kt\u00f3rych zamiast prawdziwych koni wykorzystuje si\u0119 g\u0142owy koni na kiju. Obecnie wiele dzieci [&hellip;]","og_url":"https:\/\/frj.com.pl\/?page_id=47","og_site_name":"Fundacja Rozwoju Je\u017adziectwa","article_modified_time":"2026-01-16T22:21:44+00:00","og_image":[{"width":526,"height":789,"url":"https:\/\/frj.com.pl\/wp-content\/uploads\/2026\/01\/589122487_1275058494662062_6588155993256066257_n.jpg","type":"image\/jpeg"}],"twitter_card":"summary_large_image","twitter_misc":{"Est. reading time":"2 minutes"},"schema":{"@context":"https:\/\/schema.org","@graph":[{"@type":"WebPage","@id":"https:\/\/frj.com.pl\/?page_id=47","url":"https:\/\/frj.com.pl\/?page_id=47","name":"PROJEKTY, CZYLI CO ROBIMY - Fundacja Rozwoju Je\u017adziectwa","isPartOf":{"@id":"https:\/\/frj.com.pl\/#website"},"primaryImageOfPage":{"@id":"https:\/\/frj.com.pl\/?page_id=47#primaryimage"},"image":{"@id":"https:\/\/frj.com.pl\/?page_id=47#primaryimage"},"thumbnailUrl":"https:\/\/frj.com.pl\/wp-content\/uploads\/2026\/01\/589122487_1275058494662062_6588155993256066257_n.jpg","datePublished":"2025-08-20T15:13:24+00:00","dateModified":"2026-01-16T22:21:44+00:00","breadcrumb":{"@id":"https:\/\/frj.com.pl\/?page_id=47#breadcrumb"},"inLanguage":"en-US","potentialAction":[{"@type":"ReadAction","target":["https:\/\/frj.com.pl\/?page_id=47"]}]},{"@type":"ImageObject","inLanguage":"en-US","@id":"https:\/\/frj.com.pl\/?page_id=47#primaryimage","url":"https:\/\/frj.com.pl\/wp-content\/uploads\/2026\/01\/589122487_1275058494662062_6588155993256066257_n.jpg","contentUrl":"https:\/\/frj.com.pl\/wp-content\/uploads\/2026\/01\/589122487_1275058494662062_6588155993256066257_n.jpg","width":526,"height":789},{"@type":"BreadcrumbList","@id":"https:\/\/frj.com.pl\/?page_id=47#breadcrumb","itemListElement":[{"@type":"ListItem","position":1,"name":"Strona g\u0142\u00f3wna","item":"https:\/\/frj.com.pl\/"},{"@type":"ListItem","position":2,"name":"PROJEKTY, CZYLI CO ROBIMY"}]},{"@type":"WebSite","@id":"https:\/\/frj.com.pl\/#website","url":"https:\/\/frj.com.pl\/","name":"Fundacja Rozwoju Je\u017adziectwa","description":"\u201e\u017badna chwila nie zosta\u0142a zmarnowana, je\u015bli sp\u0119dzi\u0142o si\u0119 j\u0105 w siodle\u201d Winston Churchill","publisher":{"@id":"https:\/\/frj.com.pl\/#organization"},"potentialAction":[{"@type":"SearchAction","target":{"@type":"EntryPoint","urlTemplate":"https:\/\/frj.com.pl\/?s={search_term_string}"},"query-input":{"@type":"PropertyValueSpecification","valueRequired":true,"valueName":"search_term_string"}}],"inLanguage":"en-US"},{"@type":"Organization","@id":"https:\/\/frj.com.pl\/#organization","name":"Fundacja Rozwoju Je\u017adziectwa","url":"https:\/\/frj.com.pl\/","logo":{"@type":"ImageObject","inLanguage":"en-US","@id":"https:\/\/frj.com.pl\/#\/schema\/logo\/image\/","url":"https:\/\/frj.com.pl\/wp-content\/uploads\/2025\/12\/W1-1-e1767019641285.png","contentUrl":"https:\/\/frj.com.pl\/wp-content\/uploads\/2025\/12\/W1-1-e1767019641285.png","width":500,"height":100,"caption":"Fundacja Rozwoju Je\u017adziectwa"},"image":{"@id":"https:\/\/frj.com.pl\/#\/schema\/logo\/image\/"}}]}},"_links":{"self":[{"href":"https:\/\/frj.com.pl\/index.php?rest_route=\/wp\/v2\/pages\/47","targetHints":{"allow":["GET"]}}],"collection":[{"href":"https:\/\/frj.com.pl\/index.php?rest_route=\/wp\/v2\/pages"}],"about":[{"href":"https:\/\/frj.com.pl\/index.php?rest_route=\/wp\/v2\/types\/page"}],"author":[{"embeddable":true,"href":"https:\/\/frj.com.pl\/index.php?rest_route=\/wp\/v2\/users\/1"}],"replies":[{"embeddable":true,"href":"https:\/\/frj.com.pl\/index.php?rest_route=%2Fwp%2Fv2%2Fcomments&post=47"}],"version-history":[{"count":3,"href":"https:\/\/frj.com.pl\/index.php?rest_route=\/wp\/v2\/pages\/47\/revisions"}],"predecessor-version":[{"id":234,"href":"https:\/\/frj.com.pl\/index.php?rest_route=\/wp\/v2\/pages\/47\/revisions\/234"}],"wp:attachment":[{"href":"https:\/\/frj.com.pl\/index.php?rest_route=%2Fwp%2Fv2%2Fmedia&parent=47"}],"curies":[{"name":"wp","href":"https:\/\/api.w.org\/{rel}","templated":true}]}}