{"id":45,"date":"2025-08-20T17:13:00","date_gmt":"2025-08-20T15:13:00","guid":{"rendered":"https:\/\/frj.com.pl\/?page_id=45"},"modified":"2026-03-01T19:08:33","modified_gmt":"2026-03-01T18:08:33","slug":"nasza-fundacja-czyli-kim-jestesmy","status":"publish","type":"page","link":"https:\/\/frj.com.pl\/?page_id=45","title":{"rendered":"NASZA FUNDACJA, CZYLI KIM JESTE\u015aMY"},"content":{"rendered":"\n<div class=\"wp-block-media-text is-stacked-on-mobile is-vertically-aligned-top\" style=\"grid-template-columns:26% auto\"><figure class=\"wp-block-media-text__media\"><img fetchpriority=\"high\" decoding=\"async\" width=\"1024\" height=\"683\" src=\"https:\/\/frj.com.pl\/wp-content\/uploads\/2026\/03\/39526039_2036939352991525_6626550168772673536_n-1024x683.jpg\" alt=\"\" class=\"wp-image-358 size-full\" srcset=\"https:\/\/frj.com.pl\/wp-content\/uploads\/2026\/03\/39526039_2036939352991525_6626550168772673536_n-1024x683.jpg 1024w, https:\/\/frj.com.pl\/wp-content\/uploads\/2026\/03\/39526039_2036939352991525_6626550168772673536_n-300x200.jpg 300w, https:\/\/frj.com.pl\/wp-content\/uploads\/2026\/03\/39526039_2036939352991525_6626550168772673536_n-768x512.jpg 768w, https:\/\/frj.com.pl\/wp-content\/uploads\/2026\/03\/39526039_2036939352991525_6626550168772673536_n-1536x1025.jpg 1536w, https:\/\/frj.com.pl\/wp-content\/uploads\/2026\/03\/39526039_2036939352991525_6626550168772673536_n.jpg 1772w\" sizes=\"(max-width: 1024px) 100vw, 1024px\" \/><\/figure><div class=\"wp-block-media-text__content\">\n<p><br>Fundacja Rozwoju Je\u017adziectwa powsta\u0142a z przekonania, \u017ce relacja cz\u0142owieka z koniem ma wymiar znacznie g\u0142\u0119bszy ni\u017c sport czy rekreacja. Historia zaczyna si\u0119 w 2009 roku, kiedy fundacja zosta\u0142a formalnie powo\u0142ana do \u017cycia, osadzaj\u0105c swoj\u0105 dzia\u0142alno\u015b\u0107 u podn\u00f3\u017ca Karkonoszy. Od samego pocz\u0105tku by\u0142a to inicjatywa wynikaj\u0105ca z praktyki, do\u015bwiadczenia i\u00a0realnych obserwacji \u2013 nie projekt \u201eodg\u00f3rny\u201d, lecz odpowied\u017a na konkretne potrzeby ludzi, dzieci i \u015brodowiska.<\/p>\n\n\n\n<p><strong>Fundamenty i cele<\/strong><\/p>\n\n\n\n<p>Statut Fundacji jasno okre\u015bla jej misj\u0119: rozw\u00f3j i popularyzacja je\u017adziectwa, ochrona tradycji, edukacja oraz wspieranie dzieci i m\u0142odzie\u017cy, w tym \u2013 co szczeg\u00f3lnie istotne \u2013 os\u00f3b z&nbsp;niepe\u0142nosprawno\u015bciami. Ju\u017c na poziomie za\u0142o\u017ce\u0144 zapisano, \u017ce ko\u0144 nie jest wy\u0142\u0105cznie narz\u0119dziem sportowym, lecz partnerem w procesie rozwoju, edukacji i terapii.<\/p>\n\n\n\n<p>Fundacja od pocz\u0105tku swojej dzia\u0142alno\u015bci prowadzi\u0142a szkolenia, obozy, warsztaty i&nbsp;wydarzenia je\u017adzieckie, obejmuj\u0105c nimi co roku setki dzieci z ca\u0142ej Polski. W codziennych zaj\u0119ciach uczestniczy\u0142o regularnie oko\u0142o 30 dzieci i m\u0142odzie\u017cy, a rocznie \u2013 poprzez obozy i&nbsp;warsztaty \u2013 nawet 400 uczestnik\u00f3w.<\/p>\n\n\n\n<p>Ju\u017c wtedy Fundacja by\u0142a otwarta na dzieci z niepe\u0142nosprawno\u015bciami, integruj\u0105c je z&nbsp;r\u00f3wie\u015bnikami w naturalnym, niesformalizowanym \u015brodowisku.<\/p>\n\n\n\n<p><strong>Je\u017adziectwo jako przestrze\u0144 integracji<\/strong><\/p>\n\n\n\n<p>W kolejnych latach Fundacja Rozwoju Je\u017adziectwa sta\u0142a si\u0119 wa\u017cnym punktem na mapie polskiego i mi\u0119dzynarodowego je\u017adziectwa westernowego. Od 2018 roku organizuje Mi\u0119dzynarodowe Mistrzostwa Polski FRJ, w kt\u00f3rych uczestnicz\u0105 zawodnicy z wielu kraj\u00f3w Europy. R\u00f3wnolegle rozwijano dzia\u0142ania edukacyjne, takie jak Je\u017adziecka Klinika Edukacyjna \u201eRozmawiaj\u0105c z koniem\u201d, gromadz\u0105ca \u015bwiatowej klasy trener\u00f3w i specjalist\u00f3w pracy z ko\u0144mi.<\/p>\n\n\n\n<p>Jednak sport i rywalizacja nigdy nie by\u0142y celem samym w sobie. Fundacja konsekwentnie budowa\u0142a swoje dzia\u0142ania wok\u00f3\u0142 idei rozwoju cz\u0142owieka poprzez relacj\u0119 z&nbsp;koniem, dostrzegaj\u0105c, \u017ce to w\u0142a\u015bnie dzieci wra\u017cliwe, wycofane, neuroatypowe czy z&nbsp;niepe\u0142nosprawno\u015bciami szczeg\u00f3lnie silnie reaguj\u0105 na kontakt ze zwierz\u0119ciem.<\/p>\n\n\n\n<p><strong>Zwrot ku terapii i dzieciom z niepe\u0142nosprawno\u015bciami<\/strong><\/p>\n\n\n\n<p>Prze\u0142omowym momentem by\u0142 okres 2022\u20132023, kiedy Fundacja rozpocz\u0119\u0142a instytucjonalne przygotowania do prowadzenia hipoterapii.<\/p>\n\n\n\n<p>Decyzja ta nie by\u0142a przypadkowa ani nag\u0142a \u2013 wynika\u0142a z lat obserwacji, do\u015bwiadcze\u0144 instruktor\u00f3w, terapeut\u00f3w i rodzic\u00f3w. Zauwa\u017cono, \u017ce kontakt z koniem w naturalnym \u015brodowisku sprzyja regulacji emocjonalnej, budowaniu relacji i poczucia bezpiecze\u0144stwa u&nbsp;dzieci w spektrum autyzmu.<\/p>\n\n\n\n<p>We wrze\u015bniu 2023 roku powsta\u0142a pierwsza grupa dzieci z diagnoz\u0105 spektrum autyzmu i&nbsp;zespo\u0142u Aspergera, z kt\u00f3r\u0105 rozpocz\u0119to regularne zaj\u0119cia terapeutyczne. Praca mia\u0142a charakter procesowy, oparty na cierpliwo\u015bci, indywidualnym podej\u015bciu i \u015bcis\u0142ej wsp\u00f3\u0142pracy z rodzinami.<\/p>\n\n\n\n<p><\/p>\n<\/div><\/div>\n\n\n\n<p><\/p>\n","protected":false},"excerpt":{"rendered":"<p>Fundacja Rozwoju Je\u017adziectwa powsta\u0142a z przekonania, \u017ce relacja cz\u0142owieka z koniem ma wymiar znacznie g\u0142\u0119bszy ni\u017c sport czy rekreacja. Historia zaczyna si\u0119 w 2009 roku, kiedy fundacja zosta\u0142a formalnie powo\u0142ana do \u017cycia, osadzaj\u0105c swoj\u0105 dzia\u0142alno\u015b\u0107 u podn\u00f3\u017ca Karkonoszy. Od samego pocz\u0105tku by\u0142a to inicjatywa wynikaj\u0105ca z praktyki, do\u015bwiadczenia i\u00a0realnych obserwacji \u2013 nie projekt \u201eodg\u00f3rny\u201d, lecz [&hellip;]<\/p>\n","protected":false},"author":1,"featured_media":0,"parent":0,"menu_order":0,"comment_status":"closed","ping_status":"closed","template":"","meta":{"footnotes":""},"class_list":["post-45","page","type-page","status-publish","hentry"],"blocksy_meta":[],"yoast_head":"<!-- This site is optimized with the Yoast SEO plugin v26.9 - https:\/\/yoast.com\/product\/yoast-seo-wordpress\/ -->\n<title>NASZA FUNDACJA, CZYLI KIM JESTE\u015aMY - Fundacja Rozwoju Je\u017adziectwa<\/title>\n<meta name=\"robots\" content=\"index, follow, max-snippet:-1, max-image-preview:large, max-video-preview:-1\" \/>\n<link rel=\"canonical\" href=\"https:\/\/frj.com.pl\/?page_id=45\" \/>\n<meta property=\"og:locale\" content=\"en_US\" \/>\n<meta property=\"og:type\" content=\"article\" \/>\n<meta property=\"og:title\" content=\"NASZA FUNDACJA, CZYLI KIM JESTE\u015aMY - Fundacja Rozwoju Je\u017adziectwa\" \/>\n<meta property=\"og:description\" content=\"Fundacja Rozwoju Je\u017adziectwa powsta\u0142a z przekonania, \u017ce relacja cz\u0142owieka z koniem ma wymiar znacznie g\u0142\u0119bszy ni\u017c sport czy rekreacja. Historia zaczyna si\u0119 w 2009 roku, kiedy fundacja zosta\u0142a formalnie powo\u0142ana do \u017cycia, osadzaj\u0105c swoj\u0105 dzia\u0142alno\u015b\u0107 u podn\u00f3\u017ca Karkonoszy. Od samego pocz\u0105tku by\u0142a to inicjatywa wynikaj\u0105ca z praktyki, do\u015bwiadczenia i\u00a0realnych obserwacji \u2013 nie projekt \u201eodg\u00f3rny\u201d, lecz [&hellip;]\" \/>\n<meta property=\"og:url\" content=\"https:\/\/frj.com.pl\/?page_id=45\" \/>\n<meta property=\"og:site_name\" content=\"Fundacja Rozwoju Je\u017adziectwa\" \/>\n<meta property=\"article:modified_time\" content=\"2026-03-01T18:08:33+00:00\" \/>\n<meta property=\"og:image\" content=\"https:\/\/frj.com.pl\/wp-content\/uploads\/2026\/03\/39526039_2036939352991525_6626550168772673536_n.jpg\" \/>\n\t<meta property=\"og:image:width\" content=\"1772\" \/>\n\t<meta property=\"og:image:height\" content=\"1182\" \/>\n\t<meta property=\"og:image:type\" content=\"image\/jpeg\" \/>\n<meta name=\"twitter:card\" content=\"summary_large_image\" \/>\n<meta name=\"twitter:label1\" content=\"Est. reading time\" \/>\n\t<meta name=\"twitter:data1\" content=\"3 minutes\" \/>\n<script type=\"application\/ld+json\" class=\"yoast-schema-graph\">{\"@context\":\"https:\/\/schema.org\",\"@graph\":[{\"@type\":\"WebPage\",\"@id\":\"https:\/\/frj.com.pl\/?page_id=45\",\"url\":\"https:\/\/frj.com.pl\/?page_id=45\",\"name\":\"NASZA FUNDACJA, CZYLI KIM JESTE\u015aMY - Fundacja Rozwoju Je\u017adziectwa\",\"isPartOf\":{\"@id\":\"https:\/\/frj.com.pl\/#website\"},\"primaryImageOfPage\":{\"@id\":\"https:\/\/frj.com.pl\/?page_id=45#primaryimage\"},\"image\":{\"@id\":\"https:\/\/frj.com.pl\/?page_id=45#primaryimage\"},\"thumbnailUrl\":\"https:\/\/frj.com.pl\/wp-content\/uploads\/2026\/03\/39526039_2036939352991525_6626550168772673536_n-1024x683.jpg\",\"datePublished\":\"2025-08-20T15:13:00+00:00\",\"dateModified\":\"2026-03-01T18:08:33+00:00\",\"breadcrumb\":{\"@id\":\"https:\/\/frj.com.pl\/?page_id=45#breadcrumb\"},\"inLanguage\":\"en-US\",\"potentialAction\":[{\"@type\":\"ReadAction\",\"target\":[\"https:\/\/frj.com.pl\/?page_id=45\"]}]},{\"@type\":\"ImageObject\",\"inLanguage\":\"en-US\",\"@id\":\"https:\/\/frj.com.pl\/?page_id=45#primaryimage\",\"url\":\"https:\/\/frj.com.pl\/wp-content\/uploads\/2026\/03\/39526039_2036939352991525_6626550168772673536_n.jpg\",\"contentUrl\":\"https:\/\/frj.com.pl\/wp-content\/uploads\/2026\/03\/39526039_2036939352991525_6626550168772673536_n.jpg\",\"width\":1772,\"height\":1182},{\"@type\":\"BreadcrumbList\",\"@id\":\"https:\/\/frj.com.pl\/?page_id=45#breadcrumb\",\"itemListElement\":[{\"@type\":\"ListItem\",\"position\":1,\"name\":\"Strona g\u0142\u00f3wna\",\"item\":\"https:\/\/frj.com.pl\/\"},{\"@type\":\"ListItem\",\"position\":2,\"name\":\"NASZA FUNDACJA, CZYLI KIM JESTE\u015aMY\"}]},{\"@type\":\"WebSite\",\"@id\":\"https:\/\/frj.com.pl\/#website\",\"url\":\"https:\/\/frj.com.pl\/\",\"name\":\"Fundacja Rozwoju Je\u017adziectwa\",\"description\":\"\u201e\u017badna chwila nie zosta\u0142a zmarnowana, je\u015bli sp\u0119dzi\u0142o si\u0119 j\u0105 w siodle\u201d Winston Churchill\",\"publisher\":{\"@id\":\"https:\/\/frj.com.pl\/#organization\"},\"potentialAction\":[{\"@type\":\"SearchAction\",\"target\":{\"@type\":\"EntryPoint\",\"urlTemplate\":\"https:\/\/frj.com.pl\/?s={search_term_string}\"},\"query-input\":{\"@type\":\"PropertyValueSpecification\",\"valueRequired\":true,\"valueName\":\"search_term_string\"}}],\"inLanguage\":\"en-US\"},{\"@type\":\"Organization\",\"@id\":\"https:\/\/frj.com.pl\/#organization\",\"name\":\"Fundacja Rozwoju Je\u017adziectwa\",\"url\":\"https:\/\/frj.com.pl\/\",\"logo\":{\"@type\":\"ImageObject\",\"inLanguage\":\"en-US\",\"@id\":\"https:\/\/frj.com.pl\/#\/schema\/logo\/image\/\",\"url\":\"https:\/\/frj.com.pl\/wp-content\/uploads\/2025\/12\/W1-1-e1767019641285.png\",\"contentUrl\":\"https:\/\/frj.com.pl\/wp-content\/uploads\/2025\/12\/W1-1-e1767019641285.png\",\"width\":500,\"height\":100,\"caption\":\"Fundacja Rozwoju Je\u017adziectwa\"},\"image\":{\"@id\":\"https:\/\/frj.com.pl\/#\/schema\/logo\/image\/\"}}]}<\/script>\n<!-- \/ Yoast SEO plugin. -->","yoast_head_json":{"title":"NASZA FUNDACJA, CZYLI KIM JESTE\u015aMY - Fundacja Rozwoju Je\u017adziectwa","robots":{"index":"index","follow":"follow","max-snippet":"max-snippet:-1","max-image-preview":"max-image-preview:large","max-video-preview":"max-video-preview:-1"},"canonical":"https:\/\/frj.com.pl\/?page_id=45","og_locale":"en_US","og_type":"article","og_title":"NASZA FUNDACJA, CZYLI KIM JESTE\u015aMY - Fundacja Rozwoju Je\u017adziectwa","og_description":"Fundacja Rozwoju Je\u017adziectwa powsta\u0142a z przekonania, \u017ce relacja cz\u0142owieka z koniem ma wymiar znacznie g\u0142\u0119bszy ni\u017c sport czy rekreacja. Historia zaczyna si\u0119 w 2009 roku, kiedy fundacja zosta\u0142a formalnie powo\u0142ana do \u017cycia, osadzaj\u0105c swoj\u0105 dzia\u0142alno\u015b\u0107 u podn\u00f3\u017ca Karkonoszy. Od samego pocz\u0105tku by\u0142a to inicjatywa wynikaj\u0105ca z praktyki, do\u015bwiadczenia i\u00a0realnych obserwacji \u2013 nie projekt \u201eodg\u00f3rny\u201d, lecz [&hellip;]","og_url":"https:\/\/frj.com.pl\/?page_id=45","og_site_name":"Fundacja Rozwoju Je\u017adziectwa","article_modified_time":"2026-03-01T18:08:33+00:00","og_image":[{"width":1772,"height":1182,"url":"https:\/\/frj.com.pl\/wp-content\/uploads\/2026\/03\/39526039_2036939352991525_6626550168772673536_n.jpg","type":"image\/jpeg"}],"twitter_card":"summary_large_image","twitter_misc":{"Est. reading time":"3 minutes"},"schema":{"@context":"https:\/\/schema.org","@graph":[{"@type":"WebPage","@id":"https:\/\/frj.com.pl\/?page_id=45","url":"https:\/\/frj.com.pl\/?page_id=45","name":"NASZA FUNDACJA, CZYLI KIM JESTE\u015aMY - Fundacja Rozwoju Je\u017adziectwa","isPartOf":{"@id":"https:\/\/frj.com.pl\/#website"},"primaryImageOfPage":{"@id":"https:\/\/frj.com.pl\/?page_id=45#primaryimage"},"image":{"@id":"https:\/\/frj.com.pl\/?page_id=45#primaryimage"},"thumbnailUrl":"https:\/\/frj.com.pl\/wp-content\/uploads\/2026\/03\/39526039_2036939352991525_6626550168772673536_n-1024x683.jpg","datePublished":"2025-08-20T15:13:00+00:00","dateModified":"2026-03-01T18:08:33+00:00","breadcrumb":{"@id":"https:\/\/frj.com.pl\/?page_id=45#breadcrumb"},"inLanguage":"en-US","potentialAction":[{"@type":"ReadAction","target":["https:\/\/frj.com.pl\/?page_id=45"]}]},{"@type":"ImageObject","inLanguage":"en-US","@id":"https:\/\/frj.com.pl\/?page_id=45#primaryimage","url":"https:\/\/frj.com.pl\/wp-content\/uploads\/2026\/03\/39526039_2036939352991525_6626550168772673536_n.jpg","contentUrl":"https:\/\/frj.com.pl\/wp-content\/uploads\/2026\/03\/39526039_2036939352991525_6626550168772673536_n.jpg","width":1772,"height":1182},{"@type":"BreadcrumbList","@id":"https:\/\/frj.com.pl\/?page_id=45#breadcrumb","itemListElement":[{"@type":"ListItem","position":1,"name":"Strona g\u0142\u00f3wna","item":"https:\/\/frj.com.pl\/"},{"@type":"ListItem","position":2,"name":"NASZA FUNDACJA, CZYLI KIM JESTE\u015aMY"}]},{"@type":"WebSite","@id":"https:\/\/frj.com.pl\/#website","url":"https:\/\/frj.com.pl\/","name":"Fundacja Rozwoju Je\u017adziectwa","description":"\u201e\u017badna chwila nie zosta\u0142a zmarnowana, je\u015bli sp\u0119dzi\u0142o si\u0119 j\u0105 w siodle\u201d Winston Churchill","publisher":{"@id":"https:\/\/frj.com.pl\/#organization"},"potentialAction":[{"@type":"SearchAction","target":{"@type":"EntryPoint","urlTemplate":"https:\/\/frj.com.pl\/?s={search_term_string}"},"query-input":{"@type":"PropertyValueSpecification","valueRequired":true,"valueName":"search_term_string"}}],"inLanguage":"en-US"},{"@type":"Organization","@id":"https:\/\/frj.com.pl\/#organization","name":"Fundacja Rozwoju Je\u017adziectwa","url":"https:\/\/frj.com.pl\/","logo":{"@type":"ImageObject","inLanguage":"en-US","@id":"https:\/\/frj.com.pl\/#\/schema\/logo\/image\/","url":"https:\/\/frj.com.pl\/wp-content\/uploads\/2025\/12\/W1-1-e1767019641285.png","contentUrl":"https:\/\/frj.com.pl\/wp-content\/uploads\/2025\/12\/W1-1-e1767019641285.png","width":500,"height":100,"caption":"Fundacja Rozwoju Je\u017adziectwa"},"image":{"@id":"https:\/\/frj.com.pl\/#\/schema\/logo\/image\/"}}]}},"_links":{"self":[{"href":"https:\/\/frj.com.pl\/index.php?rest_route=\/wp\/v2\/pages\/45","targetHints":{"allow":["GET"]}}],"collection":[{"href":"https:\/\/frj.com.pl\/index.php?rest_route=\/wp\/v2\/pages"}],"about":[{"href":"https:\/\/frj.com.pl\/index.php?rest_route=\/wp\/v2\/types\/page"}],"author":[{"embeddable":true,"href":"https:\/\/frj.com.pl\/index.php?rest_route=\/wp\/v2\/users\/1"}],"replies":[{"embeddable":true,"href":"https:\/\/frj.com.pl\/index.php?rest_route=%2Fwp%2Fv2%2Fcomments&post=45"}],"version-history":[{"count":4,"href":"https:\/\/frj.com.pl\/index.php?rest_route=\/wp\/v2\/pages\/45\/revisions"}],"predecessor-version":[{"id":361,"href":"https:\/\/frj.com.pl\/index.php?rest_route=\/wp\/v2\/pages\/45\/revisions\/361"}],"wp:attachment":[{"href":"https:\/\/frj.com.pl\/index.php?rest_route=%2Fwp%2Fv2%2Fmedia&parent=45"}],"curies":[{"name":"wp","href":"https:\/\/api.w.org\/{rel}","templated":true}]}}