{"id":266,"date":"2026-02-03T17:17:42","date_gmt":"2026-02-03T16:17:42","guid":{"rendered":"https:\/\/frj.com.pl\/?page_id=266"},"modified":"2026-03-01T19:34:47","modified_gmt":"2026-03-01T18:34:47","slug":"dzialania-na-rzecz-dzieci-i-osob-niepelnosprawnych","status":"publish","type":"page","link":"https:\/\/frj.com.pl\/?page_id=266","title":{"rendered":"DZIA\u0141ANIA NA RZECZ DZIECI I OS\u00d3B NIEPE\u0141NOSPRAWNYCH"},"content":{"rendered":"\n<div class=\"wp-block-media-text is-stacked-on-mobile is-vertically-aligned-top\" style=\"grid-template-columns:37% auto\"><figure class=\"wp-block-media-text__media\"><img fetchpriority=\"high\" decoding=\"async\" width=\"1024\" height=\"577\" src=\"https:\/\/frj.com.pl\/wp-content\/uploads\/2026\/03\/6-1-1024x577-1.jpg\" alt=\"\" class=\"wp-image-364 size-full\" srcset=\"https:\/\/frj.com.pl\/wp-content\/uploads\/2026\/03\/6-1-1024x577-1.jpg 1024w, https:\/\/frj.com.pl\/wp-content\/uploads\/2026\/03\/6-1-1024x577-1-300x169.jpg 300w, https:\/\/frj.com.pl\/wp-content\/uploads\/2026\/03\/6-1-1024x577-1-768x433.jpg 768w\" sizes=\"(max-width: 1024px) 100vw, 1024px\" \/><\/figure><div class=\"wp-block-media-text__content\">\n<p><strong>\u201e<\/strong><strong>As i Junior\u201d<\/strong><br><br>Scenariusz i re\u017cyseria: Beata Cicho\u0144<br>Zdj\u0119cia: Marcin Wenzel<br>Monta\u017c: Aleksander Stefa\u0144ski<br>Producent: Igor W\u00f3jcik<br>Koprodukcja: TVP3 Wroc\u0142aw i O\u015brodek Kultury i Sztuki we Wroc\u0142awiu<\/p>\n\n\n\n<p>Dofinansowano z bud\u017cetu Samorz\u0105du Wojew\u00f3dztwa Dolno\u015bl\u0105skiego<\/p>\n\n\n\n<p><br>Film dokumentalny \u201eAs i Junior\u201d stanowi pog\u0142\u0119bion\u0105, humanistyczn\u0105 opowie\u015b\u0107 o dzieciach ze spektrum autyzmu oraz o poszukiwaniu skutecznych, empatycznych i alternatywnych form ich rehabilitacji. Punktem wyj\u015bcia narracji jest ukazanie autyzmu nie wy\u0142\u0105cznie jako diagnozy medycznej, lecz jako z\u0142o\u017conego do\u015bwiadczenia wp\u0142ywaj\u0105cego na ca\u0142e funkcjonowanie dziecka, jego rodziny oraz najbli\u017cszego otoczenia spo\u0142ecznego.<\/p>\n\n\n\n<p><br>Film ukazuje nowatorsk\u0105 prac\u0119 instruktor\u00f3w, kt\u00f3rzy w ramach dzia\u0142alno\u015bci Fundacji Rozwoju Je\u017adziectwa, prowadz\u0105 zaj\u0119cia w zakresie rehabilitacji dzieci w spektrum autyzmu, oparte na hipoterapii oraz \u015bwiadomym wykorzystaniu kontaktu z natur\u0105 Karkonoszy. Ich dzia\u0142ania stanowi\u0105 alternatyw\u0119 wobec klasycznych, instytucjonalnych form terapii, proponuj\u0105c podej\u015bcie bardziej naturalne, relacyjne i dostosowane do indywidualnych potrzeb dziecka.<\/p>\n<\/div><\/div>\n\n\n\n<div class=\"wp-block-media-text is-stacked-on-mobile is-vertically-aligned-top\" style=\"grid-template-columns:37% auto\"><figure class=\"wp-block-media-text__media\"><img decoding=\"async\" width=\"768\" height=\"432\" src=\"https:\/\/frj.com.pl\/wp-content\/uploads\/2026\/03\/Tytul-768x432-1.png\" alt=\"\" class=\"wp-image-365 size-full\" srcset=\"https:\/\/frj.com.pl\/wp-content\/uploads\/2026\/03\/Tytul-768x432-1.png 768w, https:\/\/frj.com.pl\/wp-content\/uploads\/2026\/03\/Tytul-768x432-1-300x169.png 300w\" sizes=\"(max-width: 768px) 100vw, 768px\" \/><\/figure><div class=\"wp-block-media-text__content\">\n<p><strong>\u201e<\/strong><strong>Pierwszy krok\u201d<\/strong><\/p>\n\n\n\n<p><br>Scenariusz i realizacja: Micha\u0142 \u0141agoda \u2013 Pansa Films<br>Redakcja: Beata Cicho\u0144<br>Producent: Igor W\u00f3jcik<strong>&nbsp; &nbsp;<\/strong><\/p>\n\n\n\n<p>Koprodukcja: O\u015brodek Kultury i Sztuki we Wroc\u0142awiu, TVP3 Wroc\u0142aw<\/p>\n\n\n\n<p>Dofinansowano z bud\u017cetu Samorz\u0105du Wojew\u00f3dztwa Dolno\u015bl\u0105skiego<\/p>\n\n\n\n<p>\u201ePierwszy krok\u201d to autorski film dokumentalny podejmuj\u0105cy temat terapii dzieci w&nbsp;spektrum autyzmu poprzez hipoterapi\u0119 \u2013 metod\u0119 opart\u0105 na d\u0142ugotrwa\u0142ej, konsekwentnej pracy z udzia\u0142em zwierz\u0105t, terapeut\u00f3w oraz rodzin. Projekt koncentruje si\u0119 na procesie, a nie na efekcie ko\u0144cowym, ukazuj\u0105c terapi\u0119 jako z\u0142o\u017cony i wymagaj\u0105cy system relacji, w kt\u00f3rym kluczowe znaczenie maj\u0105 czas, regularno\u015b\u0107 i zaanga\u017cowanie wszystkich uczestnik\u00f3w.<\/p>\n\n\n\n<p>Istotnym elementem projektu jest ukazanie zaanga\u017cowania instruktor\u00f3w prowadz\u0105cych terapi\u0119,  kt\u00f3rzy w ramach dzia\u0142alno\u015bci Fundacji Rozwoju Je\u017adziectwa ukazuj\u0105 alternatywne podej\u015bcie do hipoterapii. Film dokumentuje ich odpowiedzialno\u015b\u0107, uwa\u017cno\u015b\u0107 i kompetencje \u2013 zar\u00f3wno w pracy z dzieckiem, jak i w opiece nad zwierz\u0119ciem. Ko\u0144 nie jest tu jedynie narz\u0119dziem terapeutycznym, lecz pe\u0142noprawnym uczestnikiem procesu, wymagaj\u0105cym przygotowania, zrozumienia i szacunku. Projekt podkre\u015bla, \u017ce skuteczno\u015b\u0107 hipoterapii opiera si\u0119 na harmonijnej wsp\u00f3\u0142pracy cz\u0142owieka i\u00a0zwierz\u0119cia, a tak\u017ce na etycznym podej\u015bciu do obu stron tej relacji.<\/p>\n<\/div><\/div>\n","protected":false},"excerpt":{"rendered":"<p>\u201eAs i Junior\u201d Scenariusz i re\u017cyseria: Beata Cicho\u0144Zdj\u0119cia: Marcin WenzelMonta\u017c: Aleksander Stefa\u0144skiProducent: Igor W\u00f3jcikKoprodukcja: TVP3 Wroc\u0142aw i O\u015brodek Kultury i Sztuki we Wroc\u0142awiu Dofinansowano z bud\u017cetu Samorz\u0105du Wojew\u00f3dztwa Dolno\u015bl\u0105skiego Film dokumentalny \u201eAs i Junior\u201d stanowi pog\u0142\u0119bion\u0105, humanistyczn\u0105 opowie\u015b\u0107 o dzieciach ze spektrum autyzmu oraz o poszukiwaniu skutecznych, empatycznych i alternatywnych form ich rehabilitacji. Punktem wyj\u015bcia [&hellip;]<\/p>\n","protected":false},"author":1,"featured_media":0,"parent":0,"menu_order":0,"comment_status":"closed","ping_status":"closed","template":"","meta":{"footnotes":""},"class_list":["post-266","page","type-page","status-publish","hentry"],"blocksy_meta":[],"yoast_head":"<!-- This site is optimized with the Yoast SEO plugin v26.9 - https:\/\/yoast.com\/product\/yoast-seo-wordpress\/ -->\n<title>DZIA\u0141ANIA NA RZECZ DZIECI I OS\u00d3B NIEPE\u0141NOSPRAWNYCH - Fundacja Rozwoju Je\u017adziectwa<\/title>\n<meta name=\"robots\" content=\"index, follow, max-snippet:-1, max-image-preview:large, max-video-preview:-1\" \/>\n<link rel=\"canonical\" href=\"https:\/\/frj.com.pl\/?page_id=266\" \/>\n<meta property=\"og:locale\" content=\"en_US\" \/>\n<meta property=\"og:type\" content=\"article\" \/>\n<meta property=\"og:title\" content=\"DZIA\u0141ANIA NA RZECZ DZIECI I OS\u00d3B NIEPE\u0141NOSPRAWNYCH - Fundacja Rozwoju Je\u017adziectwa\" \/>\n<meta property=\"og:description\" content=\"\u201eAs i Junior\u201d Scenariusz i re\u017cyseria: Beata Cicho\u0144Zdj\u0119cia: Marcin WenzelMonta\u017c: Aleksander Stefa\u0144skiProducent: Igor W\u00f3jcikKoprodukcja: TVP3 Wroc\u0142aw i O\u015brodek Kultury i Sztuki we Wroc\u0142awiu Dofinansowano z bud\u017cetu Samorz\u0105du Wojew\u00f3dztwa Dolno\u015bl\u0105skiego Film dokumentalny \u201eAs i Junior\u201d stanowi pog\u0142\u0119bion\u0105, humanistyczn\u0105 opowie\u015b\u0107 o dzieciach ze spektrum autyzmu oraz o poszukiwaniu skutecznych, empatycznych i alternatywnych form ich rehabilitacji. Punktem wyj\u015bcia [&hellip;]\" \/>\n<meta property=\"og:url\" content=\"https:\/\/frj.com.pl\/?page_id=266\" \/>\n<meta property=\"og:site_name\" content=\"Fundacja Rozwoju Je\u017adziectwa\" \/>\n<meta property=\"article:modified_time\" content=\"2026-03-01T18:34:47+00:00\" \/>\n<meta property=\"og:image\" content=\"https:\/\/frj.com.pl\/wp-content\/uploads\/2026\/03\/6-1-1024x577-1.jpg\" \/>\n\t<meta property=\"og:image:width\" content=\"1024\" \/>\n\t<meta property=\"og:image:height\" content=\"577\" \/>\n\t<meta property=\"og:image:type\" content=\"image\/jpeg\" \/>\n<meta name=\"twitter:card\" content=\"summary_large_image\" \/>\n<meta name=\"twitter:label1\" content=\"Est. reading time\" \/>\n\t<meta name=\"twitter:data1\" content=\"3 minutes\" \/>\n<script type=\"application\/ld+json\" class=\"yoast-schema-graph\">{\"@context\":\"https:\/\/schema.org\",\"@graph\":[{\"@type\":\"WebPage\",\"@id\":\"https:\/\/frj.com.pl\/?page_id=266\",\"url\":\"https:\/\/frj.com.pl\/?page_id=266\",\"name\":\"DZIA\u0141ANIA NA RZECZ DZIECI I OS\u00d3B NIEPE\u0141NOSPRAWNYCH - Fundacja Rozwoju Je\u017adziectwa\",\"isPartOf\":{\"@id\":\"https:\/\/frj.com.pl\/#website\"},\"primaryImageOfPage\":{\"@id\":\"https:\/\/frj.com.pl\/?page_id=266#primaryimage\"},\"image\":{\"@id\":\"https:\/\/frj.com.pl\/?page_id=266#primaryimage\"},\"thumbnailUrl\":\"https:\/\/frj.com.pl\/wp-content\/uploads\/2026\/03\/6-1-1024x577-1.jpg\",\"datePublished\":\"2026-02-03T16:17:42+00:00\",\"dateModified\":\"2026-03-01T18:34:47+00:00\",\"breadcrumb\":{\"@id\":\"https:\/\/frj.com.pl\/?page_id=266#breadcrumb\"},\"inLanguage\":\"en-US\",\"potentialAction\":[{\"@type\":\"ReadAction\",\"target\":[\"https:\/\/frj.com.pl\/?page_id=266\"]}]},{\"@type\":\"ImageObject\",\"inLanguage\":\"en-US\",\"@id\":\"https:\/\/frj.com.pl\/?page_id=266#primaryimage\",\"url\":\"https:\/\/frj.com.pl\/wp-content\/uploads\/2026\/03\/6-1-1024x577-1.jpg\",\"contentUrl\":\"https:\/\/frj.com.pl\/wp-content\/uploads\/2026\/03\/6-1-1024x577-1.jpg\",\"width\":1024,\"height\":577},{\"@type\":\"BreadcrumbList\",\"@id\":\"https:\/\/frj.com.pl\/?page_id=266#breadcrumb\",\"itemListElement\":[{\"@type\":\"ListItem\",\"position\":1,\"name\":\"Strona g\u0142\u00f3wna\",\"item\":\"https:\/\/frj.com.pl\/\"},{\"@type\":\"ListItem\",\"position\":2,\"name\":\"DZIA\u0141ANIA NA RZECZ DZIECI I OS\u00d3B NIEPE\u0141NOSPRAWNYCH\"}]},{\"@type\":\"WebSite\",\"@id\":\"https:\/\/frj.com.pl\/#website\",\"url\":\"https:\/\/frj.com.pl\/\",\"name\":\"Fundacja Rozwoju Je\u017adziectwa\",\"description\":\"\u201e\u017badna chwila nie zosta\u0142a zmarnowana, je\u015bli sp\u0119dzi\u0142o si\u0119 j\u0105 w siodle\u201d Winston Churchill\",\"publisher\":{\"@id\":\"https:\/\/frj.com.pl\/#organization\"},\"potentialAction\":[{\"@type\":\"SearchAction\",\"target\":{\"@type\":\"EntryPoint\",\"urlTemplate\":\"https:\/\/frj.com.pl\/?s={search_term_string}\"},\"query-input\":{\"@type\":\"PropertyValueSpecification\",\"valueRequired\":true,\"valueName\":\"search_term_string\"}}],\"inLanguage\":\"en-US\"},{\"@type\":\"Organization\",\"@id\":\"https:\/\/frj.com.pl\/#organization\",\"name\":\"Fundacja Rozwoju Je\u017adziectwa\",\"url\":\"https:\/\/frj.com.pl\/\",\"logo\":{\"@type\":\"ImageObject\",\"inLanguage\":\"en-US\",\"@id\":\"https:\/\/frj.com.pl\/#\/schema\/logo\/image\/\",\"url\":\"https:\/\/frj.com.pl\/wp-content\/uploads\/2025\/12\/W1-1-e1767019641285.png\",\"contentUrl\":\"https:\/\/frj.com.pl\/wp-content\/uploads\/2025\/12\/W1-1-e1767019641285.png\",\"width\":500,\"height\":100,\"caption\":\"Fundacja Rozwoju Je\u017adziectwa\"},\"image\":{\"@id\":\"https:\/\/frj.com.pl\/#\/schema\/logo\/image\/\"}}]}<\/script>\n<!-- \/ Yoast SEO plugin. -->","yoast_head_json":{"title":"DZIA\u0141ANIA NA RZECZ DZIECI I OS\u00d3B NIEPE\u0141NOSPRAWNYCH - Fundacja Rozwoju Je\u017adziectwa","robots":{"index":"index","follow":"follow","max-snippet":"max-snippet:-1","max-image-preview":"max-image-preview:large","max-video-preview":"max-video-preview:-1"},"canonical":"https:\/\/frj.com.pl\/?page_id=266","og_locale":"en_US","og_type":"article","og_title":"DZIA\u0141ANIA NA RZECZ DZIECI I OS\u00d3B NIEPE\u0141NOSPRAWNYCH - Fundacja Rozwoju Je\u017adziectwa","og_description":"\u201eAs i Junior\u201d Scenariusz i re\u017cyseria: Beata Cicho\u0144Zdj\u0119cia: Marcin WenzelMonta\u017c: Aleksander Stefa\u0144skiProducent: Igor W\u00f3jcikKoprodukcja: TVP3 Wroc\u0142aw i O\u015brodek Kultury i Sztuki we Wroc\u0142awiu Dofinansowano z bud\u017cetu Samorz\u0105du Wojew\u00f3dztwa Dolno\u015bl\u0105skiego Film dokumentalny \u201eAs i Junior\u201d stanowi pog\u0142\u0119bion\u0105, humanistyczn\u0105 opowie\u015b\u0107 o dzieciach ze spektrum autyzmu oraz o poszukiwaniu skutecznych, empatycznych i alternatywnych form ich rehabilitacji. Punktem wyj\u015bcia [&hellip;]","og_url":"https:\/\/frj.com.pl\/?page_id=266","og_site_name":"Fundacja Rozwoju Je\u017adziectwa","article_modified_time":"2026-03-01T18:34:47+00:00","og_image":[{"width":1024,"height":577,"url":"https:\/\/frj.com.pl\/wp-content\/uploads\/2026\/03\/6-1-1024x577-1.jpg","type":"image\/jpeg"}],"twitter_card":"summary_large_image","twitter_misc":{"Est. reading time":"3 minutes"},"schema":{"@context":"https:\/\/schema.org","@graph":[{"@type":"WebPage","@id":"https:\/\/frj.com.pl\/?page_id=266","url":"https:\/\/frj.com.pl\/?page_id=266","name":"DZIA\u0141ANIA NA RZECZ DZIECI I OS\u00d3B NIEPE\u0141NOSPRAWNYCH - Fundacja Rozwoju Je\u017adziectwa","isPartOf":{"@id":"https:\/\/frj.com.pl\/#website"},"primaryImageOfPage":{"@id":"https:\/\/frj.com.pl\/?page_id=266#primaryimage"},"image":{"@id":"https:\/\/frj.com.pl\/?page_id=266#primaryimage"},"thumbnailUrl":"https:\/\/frj.com.pl\/wp-content\/uploads\/2026\/03\/6-1-1024x577-1.jpg","datePublished":"2026-02-03T16:17:42+00:00","dateModified":"2026-03-01T18:34:47+00:00","breadcrumb":{"@id":"https:\/\/frj.com.pl\/?page_id=266#breadcrumb"},"inLanguage":"en-US","potentialAction":[{"@type":"ReadAction","target":["https:\/\/frj.com.pl\/?page_id=266"]}]},{"@type":"ImageObject","inLanguage":"en-US","@id":"https:\/\/frj.com.pl\/?page_id=266#primaryimage","url":"https:\/\/frj.com.pl\/wp-content\/uploads\/2026\/03\/6-1-1024x577-1.jpg","contentUrl":"https:\/\/frj.com.pl\/wp-content\/uploads\/2026\/03\/6-1-1024x577-1.jpg","width":1024,"height":577},{"@type":"BreadcrumbList","@id":"https:\/\/frj.com.pl\/?page_id=266#breadcrumb","itemListElement":[{"@type":"ListItem","position":1,"name":"Strona g\u0142\u00f3wna","item":"https:\/\/frj.com.pl\/"},{"@type":"ListItem","position":2,"name":"DZIA\u0141ANIA NA RZECZ DZIECI I OS\u00d3B NIEPE\u0141NOSPRAWNYCH"}]},{"@type":"WebSite","@id":"https:\/\/frj.com.pl\/#website","url":"https:\/\/frj.com.pl\/","name":"Fundacja Rozwoju Je\u017adziectwa","description":"\u201e\u017badna chwila nie zosta\u0142a zmarnowana, je\u015bli sp\u0119dzi\u0142o si\u0119 j\u0105 w siodle\u201d Winston Churchill","publisher":{"@id":"https:\/\/frj.com.pl\/#organization"},"potentialAction":[{"@type":"SearchAction","target":{"@type":"EntryPoint","urlTemplate":"https:\/\/frj.com.pl\/?s={search_term_string}"},"query-input":{"@type":"PropertyValueSpecification","valueRequired":true,"valueName":"search_term_string"}}],"inLanguage":"en-US"},{"@type":"Organization","@id":"https:\/\/frj.com.pl\/#organization","name":"Fundacja Rozwoju Je\u017adziectwa","url":"https:\/\/frj.com.pl\/","logo":{"@type":"ImageObject","inLanguage":"en-US","@id":"https:\/\/frj.com.pl\/#\/schema\/logo\/image\/","url":"https:\/\/frj.com.pl\/wp-content\/uploads\/2025\/12\/W1-1-e1767019641285.png","contentUrl":"https:\/\/frj.com.pl\/wp-content\/uploads\/2025\/12\/W1-1-e1767019641285.png","width":500,"height":100,"caption":"Fundacja Rozwoju Je\u017adziectwa"},"image":{"@id":"https:\/\/frj.com.pl\/#\/schema\/logo\/image\/"}}]}},"_links":{"self":[{"href":"https:\/\/frj.com.pl\/index.php?rest_route=\/wp\/v2\/pages\/266","targetHints":{"allow":["GET"]}}],"collection":[{"href":"https:\/\/frj.com.pl\/index.php?rest_route=\/wp\/v2\/pages"}],"about":[{"href":"https:\/\/frj.com.pl\/index.php?rest_route=\/wp\/v2\/types\/page"}],"author":[{"embeddable":true,"href":"https:\/\/frj.com.pl\/index.php?rest_route=\/wp\/v2\/users\/1"}],"replies":[{"embeddable":true,"href":"https:\/\/frj.com.pl\/index.php?rest_route=%2Fwp%2Fv2%2Fcomments&post=266"}],"version-history":[{"count":3,"href":"https:\/\/frj.com.pl\/index.php?rest_route=\/wp\/v2\/pages\/266\/revisions"}],"predecessor-version":[{"id":366,"href":"https:\/\/frj.com.pl\/index.php?rest_route=\/wp\/v2\/pages\/266\/revisions\/366"}],"wp:attachment":[{"href":"https:\/\/frj.com.pl\/index.php?rest_route=%2Fwp%2Fv2%2Fmedia&parent=266"}],"curies":[{"name":"wp","href":"https:\/\/api.w.org\/{rel}","templated":true}]}}